{"id":8149,"date":"2023-07-04T14:29:20","date_gmt":"2023-07-04T14:29:20","guid":{"rendered":"https:\/\/ericeiraproperty.com\/demo\/?page_id=8149"},"modified":"2023-10-12T10:05:59","modified_gmt":"2023-10-12T10:05:59","slug":"home-styling","status":"publish","type":"page","link":"https:\/\/ericeiraproperty.com\/demo\/home-styling\/","title":{"rendered":"Home Styling"},"content":{"rendered":"<section class=\"l-section wpb_row us_custom_a6098cce height_medium\"><div class=\"l-section-h i-cf\"><div class=\"g-cols vc_row via_flex valign_top type_default stacking_default\"><div class=\"vc_col-sm-12 wpb_column vc_column_container\"><div class=\"vc_column-inner us_custom_e22804cd\"><div class=\"wpb_wrapper\"><div class=\"wpb_text_column us_custom_bc72ab76 has_text_color\"><div class=\"wpb_wrapper\"><p>Home Styling<\/p>\n<\/div><\/div><\/div><\/div><\/div><\/div><\/div><\/section><!-- Row Backgrounds --><section class=\"l-section wpb_row us_custom_c7df960f height_medium width_full\"><div class=\"l-section-h i-cf\"><div class=\"g-cols vc_row via_flex valign_top type_default stacking_default\"><div class=\"vc_col-sm-12 wpb_column vc_column_container\"><div class=\"vc_column-inner\"><div class=\"wpb_wrapper\"><div class=\"wpb_text_column us_custom_8d5e78d7 has_text_color\"><div class=\"wpb_wrapper\"><p>Apresentamos as melhores solu\u00e7\u00f5es, ofertas e tend\u00eancias, com ideias inovadoras de decora\u00e7\u00e3o e organiza\u00e7\u00e3o adequadas ao seu espa\u00e7o, nunca esquecendo o lado funcional, pr\u00e1tico, est\u00e9tico, a harmonia e o equil\u00edbrio de cada casa e de cada cliente. Obter\u00e1 assim o espa\u00e7o com que sempre sonhou com um custo controlado e prazos garantidos, seja para colocar em alojamento local, arrendamento tempor\u00e1rio, para habita\u00e7\u00e3o pr\u00f3pria ou mesmo para venda.<\/p>\n<\/div><\/div><\/div><\/div><\/div><\/div><\/div><\/section><!-- Row Backgrounds --><div class=\"upb_color\" data-bg-override=\"full\" data-bg-color=\"#cbb062\" data-fadeout=\"\" data-fadeout-percentage=\"30\" data-parallax-content=\"\" data-parallax-content-sense=\"30\" data-row-effect-mobile-disable=\"true\" data-img-parallax-mobile-disable=\"true\" data-rtl=\"false\"  data-custom-vc-row=\"\"  data-vc=\"6.13.0\"  data-is_old_vc=\"\"  data-theme-support=\"\"   data-overlay=\"false\" data-overlay-color=\"\" data-overlay-pattern=\"\" data-overlay-pattern-opacity=\"\" data-overlay-pattern-size=\"\"    ><\/div><section class=\"l-section wpb_row us_custom_609cbe84 height_medium width_full\"><div class=\"l-section-h i-cf\"><div class=\"g-cols vc_row via_flex valign_top type_default stacking_default\"><div class=\"vc_col-sm-4 wpb_column vc_column_container\"><div class=\"vc_column-inner\"><div class=\"wpb_wrapper\"><div class=\"w-image align_none\"><div class=\"w-image-h\"><img width=\"2000\" height=\"1333\" src=\"https:\/\/ericeiraproperty.com\/demo\/wp-content\/uploads\/2023\/07\/homestyling-organizer.png\" class=\"attachment-full size-full\" alt=\"\" decoding=\"async\" loading=\"lazy\" srcset=\"https:\/\/ericeiraproperty.com\/demo\/wp-content\/uploads\/2023\/07\/homestyling-organizer.png 2000w, https:\/\/ericeiraproperty.com\/demo\/wp-content\/uploads\/2023\/07\/homestyling-organizer-300x200.png 300w, https:\/\/ericeiraproperty.com\/demo\/wp-content\/uploads\/2023\/07\/homestyling-organizer-1024x682.png 1024w, https:\/\/ericeiraproperty.com\/demo\/wp-content\/uploads\/2023\/07\/homestyling-organizer-600x400.png 600w\" sizes=\"(max-width: 2000px) 100vw, 2000px\" \/><\/div><\/div><\/div><\/div><\/div><div class=\"vc_col-sm-8 wpb_column vc_column_container content\"><div class=\"vc_column-inner\"><div class=\"wpb_wrapper\"><div class=\"wpb_text_column us_custom_91b05010 has_text_color\"><div class=\"wpb_wrapper\"><p>Home Organizer<\/p>\n<\/div><\/div><div class=\"wpb_text_column us_custom_73e11070 has_text_color\"><div class=\"wpb_wrapper\"><p>O Home Organizer \u00e9 a Reorganiza\u00e7\u00e3o total de uma casa, simplificando o seu dia a dia, indo de encontro \u00e0s suas necessidades espec\u00edficas, para que ganhe tempo, espa\u00e7o e energia, para fazer tudo em casa com alegria, amor e viver uma vida mais leve! Uma casa organizada, traz incont\u00e1veis benef\u00edcios, facilita a realiza\u00e7\u00e3o de atividades do dia a dia, aumenta a sensa\u00e7\u00e3o de limpeza nos ambientes, aprimora a percep\u00e7\u00e3o de bem-estar e sobretudo, poupa tempo para viver outras coisas da sua vida!<\/p>\n<\/div><\/div><\/div><\/div><\/div><\/div><\/div><\/section><!-- Row Backgrounds --><div class=\"upb_color\" data-bg-override=\"full\" data-bg-color=\"\" data-fadeout=\"\" data-fadeout-percentage=\"30\" data-parallax-content=\"\" data-parallax-content-sense=\"30\" data-row-effect-mobile-disable=\"true\" data-img-parallax-mobile-disable=\"true\" data-rtl=\"false\"  data-custom-vc-row=\"\"  data-vc=\"6.13.0\"  data-is_old_vc=\"\"  data-theme-support=\"\"   data-overlay=\"false\" data-overlay-color=\"\" data-overlay-pattern=\"\" data-overlay-pattern-opacity=\"\" data-overlay-pattern-size=\"\"    ><\/div><section class=\"l-section wpb_row us_custom_dd5bfc1a height_medium width_full\"><div class=\"l-section-h i-cf\"><div class=\"g-cols vc_row via_flex valign_top type_default stacking_default\"><div class=\"vc_col-sm-4 wpb_column vc_column_container\"><div class=\"vc_column-inner\"><div class=\"wpb_wrapper\"><div class=\"w-image align_none\"><div class=\"w-image-h\"><img width=\"2000\" height=\"1333\" src=\"https:\/\/ericeiraproperty.com\/demo\/wp-content\/uploads\/2023\/07\/homestyling-staging.png\" class=\"attachment-full size-full\" alt=\"\" decoding=\"async\" loading=\"lazy\" srcset=\"https:\/\/ericeiraproperty.com\/demo\/wp-content\/uploads\/2023\/07\/homestyling-staging.png 2000w, https:\/\/ericeiraproperty.com\/demo\/wp-content\/uploads\/2023\/07\/homestyling-staging-300x200.png 300w, https:\/\/ericeiraproperty.com\/demo\/wp-content\/uploads\/2023\/07\/homestyling-staging-1024x682.png 1024w, https:\/\/ericeiraproperty.com\/demo\/wp-content\/uploads\/2023\/07\/homestyling-staging-600x400.png 600w\" sizes=\"(max-width: 2000px) 100vw, 2000px\" \/><\/div><\/div><\/div><\/div><\/div><div class=\"vc_col-sm-8 wpb_column vc_column_container content\"><div class=\"vc_column-inner\"><div class=\"wpb_wrapper\"><div class=\"wpb_text_column us_custom_91b05010 has_text_color\"><div class=\"wpb_wrapper\"><p>Home Staging<\/p>\n<\/div><\/div><div class=\"wpb_text_column us_custom_73e11070 has_text_color\"><div class=\"wpb_wrapper\"><p>Tem uma casa para vender ou arrendar, com pequenas altera\u00e7\u00f5es ao n\u00edvel est\u00e9tico pode potenciar em muito a sua casa, torn\u00e1-la mais apelativa e com isto, vender ou arrendar mais rapidamente. O objetivo \u00e9 transformar o im\u00f3vel, tornando-o mais atrativo atrav\u00e9s de uma decora\u00e7\u00e3o r\u00e1pida, funcional e acess\u00edvel. Al\u00e9m disso, esta t\u00e9cnica adiciona valor ao im\u00f3vel e permite agilizar o processo de venda ou arrendamento.<\/p>\n<\/div><\/div><\/div><\/div><\/div><\/div><\/div><\/section><!-- Row Backgrounds --><div class=\"upb_color\" data-bg-override=\"full\" data-bg-color=\"\" data-fadeout=\"\" data-fadeout-percentage=\"30\" data-parallax-content=\"\" data-parallax-content-sense=\"30\" data-row-effect-mobile-disable=\"true\" data-img-parallax-mobile-disable=\"true\" data-rtl=\"false\"  data-custom-vc-row=\"\"  data-vc=\"6.13.0\"  data-is_old_vc=\"\"  data-theme-support=\"\"   data-overlay=\"false\" data-overlay-color=\"\" data-overlay-pattern=\"\" data-overlay-pattern-opacity=\"\" data-overlay-pattern-size=\"\"    ><\/div><section class=\"l-section wpb_row us_custom_a84c946d height_medium width_full\"><div class=\"l-section-h i-cf\"><div class=\"g-cols vc_row via_flex valign_top type_default stacking_default\"><div class=\"vc_col-sm-4 wpb_column vc_column_container\"><div class=\"vc_column-inner\"><div class=\"wpb_wrapper\"><div class=\"w-image align_none\"><div class=\"w-image-h\"><img width=\"2000\" height=\"1333\" src=\"https:\/\/ericeiraproperty.com\/demo\/wp-content\/uploads\/2023\/07\/homestyling-decor.png\" class=\"attachment-full size-full\" alt=\"\" decoding=\"async\" loading=\"lazy\" srcset=\"https:\/\/ericeiraproperty.com\/demo\/wp-content\/uploads\/2023\/07\/homestyling-decor.png 2000w, https:\/\/ericeiraproperty.com\/demo\/wp-content\/uploads\/2023\/07\/homestyling-decor-300x200.png 300w, https:\/\/ericeiraproperty.com\/demo\/wp-content\/uploads\/2023\/07\/homestyling-decor-1024x682.png 1024w, https:\/\/ericeiraproperty.com\/demo\/wp-content\/uploads\/2023\/07\/homestyling-decor-600x400.png 600w\" sizes=\"(max-width: 2000px) 100vw, 2000px\" \/><\/div><\/div><\/div><\/div><\/div><div class=\"vc_col-sm-8 wpb_column vc_column_container content\"><div class=\"vc_column-inner\"><div class=\"wpb_wrapper\"><div class=\"wpb_text_column us_custom_91b05010 has_text_color\"><div class=\"wpb_wrapper\"><p>Decora\u00e7\u00e3o<\/p>\n<\/div><\/div><div class=\"wpb_text_column us_custom_73e11070 has_text_color\"><div class=\"wpb_wrapper\"><p>No processo de decora\u00e7\u00e3o, procuramos as melhores solu\u00e7\u00f5es, ofertas e tend\u00eancias que o mercado apresenta, apresentando ideias inovadoras e adequadas ao seu espa\u00e7o, nunca esquecendo o lado funcional, pr\u00e1tico e est\u00e9tico, acrescentando experi\u00eancia e conhecimento. De forma a evitar gastos desnecess\u00e1rios ou custos extras, apresentaremos equil\u00edbrio ao seu projeto. Obter\u00e1 assim o espa\u00e7o com que sempre sonhou com um custo controlado e prazos garantidos.<\/p>\n<\/div><\/div><\/div><\/div><\/div><\/div><\/div><\/section><!-- Row Backgrounds --><div class=\"upb_color\" data-bg-override=\"full\" data-bg-color=\"\" data-fadeout=\"\" data-fadeout-percentage=\"30\" data-parallax-content=\"\" data-parallax-content-sense=\"30\" data-row-effect-mobile-disable=\"true\" data-img-parallax-mobile-disable=\"true\" data-rtl=\"false\"  data-custom-vc-row=\"\"  data-vc=\"6.13.0\"  data-is_old_vc=\"\"  data-theme-support=\"\"   data-overlay=\"false\" data-overlay-color=\"\" data-overlay-pattern=\"\" data-overlay-pattern-opacity=\"\" data-overlay-pattern-size=\"\"    ><\/div><section class=\"l-section wpb_row us_custom_7d08b313 height_medium width_full\"><div class=\"l-section-h i-cf\"><div class=\"g-cols vc_row via_flex valign_top type_default stacking_default\"><div class=\"vc_col-sm-12 wpb_column vc_column_container\"><div class=\"vc_column-inner\"><div class=\"wpb_wrapper\"><div class=\"wpb_text_column us_custom_76824fa8 has_text_color\"><div class=\"wpb_wrapper\"><p>Servi\u00e7os de Home Styling<\/p>\n<\/div><\/div><div class=\"g-cols wpb_row via_flex valign_top type_default stacking_default\"><div class=\"vc_col-sm-6 wpb_column vc_column_container\"><div class=\"vc_column-inner\"><div class=\"wpb_wrapper\"><div class=\"wpb_text_column us_custom_8e5c9f9d list-item\"><div class=\"wpb_wrapper\"><p>Servi\u00e7o de pequenos arranjos<\/p>\n<\/div><\/div><div class=\"wpb_text_column us_custom_8e5c9f9d list-item\"><div class=\"wpb_wrapper\"><p>Limpeza geral<\/p>\n<\/div><\/div><div class=\"wpb_text_column us_custom_8e5c9f9d list-item\"><div class=\"wpb_wrapper\"><p>Planeamento\/Execu\u00e7\u00e3o de projetos 2D\/3D<\/p>\n<\/div><\/div><div class=\"wpb_text_column us_custom_8e5c9f9d list-item\"><div class=\"wpb_wrapper\"><p>Destralhe; Embalamento (sele\u00e7\u00e3o para doa\u00e7\u00e3o\/venda\/armazenamento)<\/p>\n<\/div><\/div><\/div><\/div><\/div><div class=\"vc_col-sm-6 wpb_column vc_column_container\"><div class=\"vc_column-inner\"><div class=\"wpb_wrapper\"><div class=\"wpb_text_column us_custom_8e5c9f9d list-item\"><div class=\"wpb_wrapper\"><p>Compra de mobili\u00e1rio e acess\u00f3rios<\/p>\n<\/div><\/div><div class=\"wpb_text_column us_custom_8e5c9f9d list-item\"><div class=\"wpb_wrapper\"><p>Recep\u00e7\u00e3o e desembalamento de mobili\u00e1rio e respetiva montagem<\/p>\n<\/div><\/div><div class=\"wpb_text_column us_custom_8e5c9f9d list-item\"><div class=\"wpb_wrapper\"><p>Organiza\u00e7\u00e3o\/Decora\u00e7\u00e3o\/Feng Shui<\/p>\n<\/div><\/div><div class=\"wpb_text_column us_custom_8e5c9f9d list-item\"><div class=\"wpb_wrapper\"><p>Produ\u00e7\u00e3o Fotogr\u00e1fica\/Filmes 3D<\/p>\n<\/div><\/div><\/div><\/div><\/div><\/div><\/div><\/div><\/div><\/div><\/div><\/section><!-- Row Backgrounds --><div class=\"upb_color\" data-bg-override=\"full\" data-bg-color=\"\" data-fadeout=\"\" data-fadeout-percentage=\"30\" data-parallax-content=\"\" data-parallax-content-sense=\"30\" data-row-effect-mobile-disable=\"true\" data-img-parallax-mobile-disable=\"true\" data-rtl=\"false\"  data-custom-vc-row=\"\"  data-vc=\"6.13.0\"  data-is_old_vc=\"\"  data-theme-support=\"\"   data-overlay=\"false\" data-overlay-color=\"\" data-overlay-pattern=\"\" data-overlay-pattern-opacity=\"\" data-overlay-pattern-size=\"\"    ><\/div><section class=\"l-section wpb_row us_custom_ebf02ef8 height_medium width_full\"><div class=\"l-section-h i-cf\"><div class=\"g-cols vc_row via_flex valign_middle type_default stacking_default\"><div class=\"vc_col-sm-10 wpb_column vc_column_container\"><div class=\"vc_column-inner\"><div class=\"wpb_wrapper\"><div class=\"wpb_text_column us_custom_4148829a has_text_color\"><div class=\"wpb_wrapper\"><p>Tem alguma quest\u00e3o? Entre em contacto connosco e esclareceremos as suas d\u00favidas.<\/p>\n<\/div><\/div><\/div><\/div><\/div><div class=\"vc_col-sm-2 wpb_column vc_column_container\"><div class=\"vc_column-inner\"><div class=\"wpb_wrapper\"><div class=\"w-btn-wrapper align_right\"><a class=\"w-btn us-btn-style_7\" title=\"Contactos\" href=\"https:\/\/ericeiraproperty.com\/demo\/contactos-2\/\"><span class=\"w-btn-label\">Contacte-nos<\/span><\/a><\/div><\/div><\/div><\/div><\/div><\/div><\/section><!-- Row Backgrounds --><div class=\"upb_color\" data-bg-override=\"full\" data-bg-color=\"#cbb062\" data-fadeout=\"\" data-fadeout-percentage=\"30\" data-parallax-content=\"\" data-parallax-content-sense=\"30\" data-row-effect-mobile-disable=\"true\" data-img-parallax-mobile-disable=\"true\" data-rtl=\"false\"  data-custom-vc-row=\"\"  data-vc=\"6.13.0\"  data-is_old_vc=\"\"  data-theme-support=\"\"   data-overlay=\"false\" data-overlay-color=\"\" data-overlay-pattern=\"\" data-overlay-pattern-opacity=\"\" data-overlay-pattern-size=\"\"    ><\/div><section class=\"l-section wpb_row height_medium\"><div class=\"l-section-h i-cf\"><div class=\"g-cols vc_row via_flex valign_top type_default stacking_default\"><div class=\"vc_col-sm-12 wpb_column vc_column_container\"><div class=\"vc_column-inner\"><div class=\"wpb_wrapper\"><\/div><\/div><\/div><\/div><\/div><\/section><section class=\"l-section wpb_row us_custom_6ff22ccf height_medium width_full\"><div class=\"l-section-h i-cf\"><div class=\"g-cols vc_row via_flex valign_top type_default stacking_default\"><div class=\"vc_col-sm-4 wpb_column vc_column_container\"><div class=\"vc_column-inner us_custom_aa92d13c\"><div class=\"wpb_wrapper\"><div class=\"w-image us_custom_809e3cd3 align_none\"><div class=\"w-image-h\"><img width=\"300\" height=\"80\" src=\"https:\/\/ericeiraproperty.com\/demo\/wp-content\/uploads\/2018\/10\/logosite-300x80.png\" class=\"attachment-medium size-medium\" alt=\"\" decoding=\"async\" loading=\"lazy\" srcset=\"https:\/\/ericeiraproperty.com\/demo\/wp-content\/uploads\/2018\/10\/logosite-300x80.png 300w, https:\/\/ericeiraproperty.com\/demo\/wp-content\/uploads\/2018\/10\/logosite.png 500w\" sizes=\"(max-width: 300px) 100vw, 300px\" \/><\/div><\/div><\/div><\/div><\/div><div class=\"vc_col-sm-2 wpb_column vc_column_container\"><div class=\"vc_column-inner us_custom_aa92d13c\"><div class=\"wpb_wrapper\"><div class=\"wpb_text_column\"><div class=\"wpb_wrapper\"><p style=\"font-size: 20px; font-weight: 500;\">Menu<\/p>\n<p><a style=\"text-decoration: none; color: #333333;\" href=\"https:\/\/ericeiraproperty.com\/demo\/alojamentos\/\">Alojamentos<\/a><br \/>\n<a style=\"text-decoration: none; color: #333333;\" href=\"https:\/\/ericeiraproperty.com\/demo\/sea-hills-residence\/\">Im\u00f3veis para venda<\/a><br \/>\n<a style=\"text-decoration: none; color: #333333;\" href=\"https:\/\/ericeiraproperty.com\/demo\/home-styling\/\">Home Styling<\/a><br \/>\n<a style=\"text-decoration: none; color: #333333;\" href=\"https:\/\/ericeiraproperty.com\/demo\/contactos-2\/\">Contactos<\/a><\/p>\n<\/div><\/div><\/div><\/div><\/div><div class=\"vc_col-sm-3 wpb_column vc_column_container\"><div class=\"vc_column-inner us_custom_aa92d13c\"><div class=\"wpb_wrapper\"><div class=\"wpb_text_column\"><div class=\"wpb_wrapper\"><p style=\"font-size: 20px; font-weight: 500;\">Gest\u00e3o de Propriedades<\/p>\n<p><a style=\"text-decoration: none; color: #333333;\" href=\"https:\/\/ericeiraproperty.com\/demo\/gestao-de-arrendamento-anual\/\">Gest\u00e3o de Arrendamento Anual<\/a><br \/>\n<a style=\"text-decoration: none; color: #333333;\" href=\"https:\/\/ericeiraproperty.com\/demo\/alojamento-local-alojamento-temporario\/\">Alojamento Local\/Alojamento Tempor\u00e1rio<\/a><br \/>\n<a style=\"text-decoration: none; color: #333333;\" href=\"https:\/\/ericeiraproperty.com\/demo\/management-concierge\/\">Management &amp; Concierge<\/a><\/p>\n<\/div><\/div><\/div><\/div><\/div><div class=\"vc_col-sm-3 wpb_column vc_column_container\"><div class=\"vc_column-inner us_custom_aa92d13c\"><div class=\"wpb_wrapper\"><div class=\"wpb_text_column\"><div class=\"wpb_wrapper\"><p style=\"font-size: 20px; font-weight: 500;\">Contactos<\/p>\n<p>management@ericeiraproperty.com<br \/>\n+351 919 139 080 (Custo de chamada para rede m\u00f3vel)<br \/>\nRua Prud\u00eancio Franco da Trindade, n\u00ba 4<br \/>\n2655-344 Ericeira<\/p>\n<\/div><\/div><div class=\"w-socials color_brand shape_square style_default hover_fade\"><div class=\"w-socials-list\"><div class=\"w-socials-item facebook\"><a class=\"w-socials-item-link\" href=\"#\" target=\"_blank\" rel=\"noopener nofollow\" title=\"Facebook\" aria-label=\"Facebook\"><span class=\"w-socials-item-link-hover\"><\/span><i class=\"fab fa-facebook\"><\/i><\/a><div class=\"w-socials-item-popup\"><span>Facebook<\/span><\/div><\/div><div class=\"w-socials-item instagram\"><a class=\"w-socials-item-link\" href=\"#\" target=\"_blank\" rel=\"noopener nofollow\" title=\"Instagram\" aria-label=\"Instagram\"><span class=\"w-socials-item-link-hover\"><\/span><i class=\"fab fa-instagram\"><\/i><\/a><div class=\"w-socials-item-popup\"><span>Instagram<\/span><\/div><\/div><\/div><\/div><\/div><\/div><\/div><div class=\"vc_col-sm-12 wpb_column vc_column_container\"><div class=\"vc_column-inner us_custom_49e78e38\"><div class=\"wpb_wrapper\"><div class=\"wpb_text_column us_custom_eb849559\"><div class=\"wpb_wrapper\"><p>\u00a9 2023 Ericeira Property \u2013 Developed by: Ag\u00eancia da Marca \u2013 Marketing Digital, Design e Comunica\u00e7\u00e3o.<\/p>\n<\/div><\/div><\/div><\/div><\/div><\/div><\/div><\/section>\n","protected":false},"excerpt":{"rendered":"Home Styling Apresentamos as melhores solu\u00e7\u00f5es, ofertas e tend\u00eancias, com ideias inovadoras de decora\u00e7\u00e3o e organiza\u00e7\u00e3o adequadas ao seu espa\u00e7o, nunca esquecendo o lado funcional, pr\u00e1tico, est\u00e9tico, a harmonia e o equil\u00edbrio de cada casa e de cada cliente. Obter\u00e1 assim o espa\u00e7o com que sempre sonhou com um custo controlado e prazos garantidos, seja...","protected":false},"author":2,"featured_media":0,"parent":0,"menu_order":0,"comment_status":"closed","ping_status":"closed","template":"","meta":[],"yoast_head":"<!-- This site is optimized with the Yoast SEO plugin v16.0.2 - https:\/\/yoast.com\/wordpress\/plugins\/seo\/ -->\n<title>Home Styling - Demo - Ericeira Property<\/title>\n<link rel=\"canonical\" href=\"https:\/\/ericeiraproperty.com\/demo\/home-styling\/\" \/>\n<meta property=\"og:locale\" content=\"pt_PT\" \/>\n<meta property=\"og:type\" content=\"article\" \/>\n<meta property=\"og:title\" content=\"Home Styling - Demo - Ericeira Property\" \/>\n<meta property=\"og:url\" content=\"https:\/\/ericeiraproperty.com\/demo\/home-styling\/\" \/>\n<meta property=\"og:site_name\" content=\"Demo - Ericeira Property\" \/>\n<meta property=\"article:modified_time\" content=\"2023-10-12T10:05:59+00:00\" \/>\n<meta name=\"twitter:card\" content=\"summary_large_image\" \/>\n<meta name=\"twitter:label1\" content=\"Tempo estimado de leitura\">\n\t<meta name=\"twitter:data1\" content=\"3 minutes\">\n<script type=\"application\/ld+json\" class=\"yoast-schema-graph\">{\"@context\":\"https:\/\/schema.org\",\"@graph\":[{\"@type\":\"WebSite\",\"@id\":\"https:\/\/ericeiraproperty.com\/demo\/#website\",\"url\":\"https:\/\/ericeiraproperty.com\/demo\/\",\"name\":\"Demo - Ericeira Property\",\"description\":\"Ericeira Property\",\"potentialAction\":[{\"@type\":\"SearchAction\",\"target\":\"https:\/\/ericeiraproperty.com\/demo\/?s={search_term_string}\",\"query-input\":\"required name=search_term_string\"}],\"inLanguage\":\"pt-PT\"},{\"@type\":\"WebPage\",\"@id\":\"https:\/\/ericeiraproperty.com\/demo\/home-styling\/#webpage\",\"url\":\"https:\/\/ericeiraproperty.com\/demo\/home-styling\/\",\"name\":\"Home Styling - Demo - Ericeira Property\",\"isPartOf\":{\"@id\":\"https:\/\/ericeiraproperty.com\/demo\/#website\"},\"datePublished\":\"2023-07-04T14:29:20+00:00\",\"dateModified\":\"2023-10-12T10:05:59+00:00\",\"breadcrumb\":{\"@id\":\"https:\/\/ericeiraproperty.com\/demo\/home-styling\/#breadcrumb\"},\"inLanguage\":\"pt-PT\",\"potentialAction\":[{\"@type\":\"ReadAction\",\"target\":[\"https:\/\/ericeiraproperty.com\/demo\/home-styling\/\"]}]},{\"@type\":\"BreadcrumbList\",\"@id\":\"https:\/\/ericeiraproperty.com\/demo\/home-styling\/#breadcrumb\",\"itemListElement\":[{\"@type\":\"ListItem\",\"position\":1,\"item\":{\"@type\":\"WebPage\",\"@id\":\"https:\/\/ericeiraproperty.com\/demo\/de\/homepage\/\",\"url\":\"https:\/\/ericeiraproperty.com\/demo\/de\/homepage\/\",\"name\":\"In\\u00edcio\"}},{\"@type\":\"ListItem\",\"position\":2,\"item\":{\"@type\":\"WebPage\",\"@id\":\"https:\/\/ericeiraproperty.com\/demo\/home-styling\/\",\"url\":\"https:\/\/ericeiraproperty.com\/demo\/home-styling\/\",\"name\":\"Home Styling\"}}]}]}<\/script>\n<!-- \/ Yoast SEO plugin. -->","_links":{"self":[{"href":"https:\/\/ericeiraproperty.com\/demo\/wp-json\/wp\/v2\/pages\/8149"}],"collection":[{"href":"https:\/\/ericeiraproperty.com\/demo\/wp-json\/wp\/v2\/pages"}],"about":[{"href":"https:\/\/ericeiraproperty.com\/demo\/wp-json\/wp\/v2\/types\/page"}],"author":[{"embeddable":true,"href":"https:\/\/ericeiraproperty.com\/demo\/wp-json\/wp\/v2\/users\/2"}],"replies":[{"embeddable":true,"href":"https:\/\/ericeiraproperty.com\/demo\/wp-json\/wp\/v2\/comments?post=8149"}],"version-history":[{"count":53,"href":"https:\/\/ericeiraproperty.com\/demo\/wp-json\/wp\/v2\/pages\/8149\/revisions"}],"predecessor-version":[{"id":9000,"href":"https:\/\/ericeiraproperty.com\/demo\/wp-json\/wp\/v2\/pages\/8149\/revisions\/9000"}],"wp:attachment":[{"href":"https:\/\/ericeiraproperty.com\/demo\/wp-json\/wp\/v2\/media?parent=8149"}],"curies":[{"name":"wp","href":"https:\/\/api.w.org\/{rel}","templated":true}]}}