{"id":8273,"date":"2023-07-24T22:32:02","date_gmt":"2023-07-24T22:32:02","guid":{"rendered":"https:\/\/ericeiraproperty.com\/demo\/?page_id=8273"},"modified":"2023-10-12T10:03:29","modified_gmt":"2023-10-12T10:03:29","slug":"sea-hills-residence","status":"publish","type":"page","link":"https:\/\/ericeiraproperty.com\/demo\/sea-hills-residence\/","title":{"rendered":"Sea Hills Residence"},"content":{"rendered":"<section class=\"l-section wpb_row height_huge width_full with_img\"><div class=\"l-section-img\" data-img-width=\"1440\" data-img-height=\"389\" style=\"background-image: url(https:\/\/ericeiraproperty.com\/demo\/wp-content\/uploads\/2023\/07\/seahills-banner.png);background-position: bottom center;background-repeat: no-repeat;\"><\/div><div class=\"l-section-h i-cf\"><div class=\"g-cols vc_row via_flex valign_top type_boxes stacking_default\"><div class=\"vc_col-sm-12 wpb_column vc_column_container\"><div class=\"vc_column-inner\"><div class=\"wpb_wrapper\"><\/div><\/div><\/div><\/div><\/div><\/section><!-- Row Backgrounds --><section class=\"l-section wpb_row us_custom_ceae771e height_medium width_full\"><div class=\"l-section-h i-cf\"><div class=\"g-cols vc_row via_flex valign_top type_default stacking_default\"><div class=\"vc_col-sm-12 wpb_column vc_column_container\"><div class=\"vc_column-inner\"><div class=\"wpb_wrapper\"><div class=\"wpb_text_column us_custom_4424b2cd\"><div class=\"wpb_wrapper\"><h1 style=\"color: #4d4d4d; text-align: center;\">SEA HILLS RESIDENCE<\/h1>\n<\/div><\/div><div class=\"wpb_text_column us_custom_5f49da53\"><div class=\"wpb_wrapper\"><p style=\"text-align: center;\">Projetados com base em princ\u00edpios de qualidade, os 8 apartamentos Sea Hills Residence permitem-no viver em absoluta harmonia entre a casa, a natureza e a vista para o mar.<br \/>\nO compromisso entre o bem-estar e a vista magn\u00edfica, aliando a excel\u00eancia dos detalhes \u00e0 aben\u00e7oada vista solar como inspira\u00e7\u00e3o.<\/p>\n<\/div><\/div>[vc_raw_html]JTNDYSUyMGNsYXNzJTNEJTIyc2VhaGlsbHMtYnRuJTIyJTIwaHJlZiUzRCUyMmh0dHBzJTNBJTJGJTJGZXJpY2VpcmFwcm9wZXJ0eS5jb20lMkZ3cC1jb250ZW50JTJGdXBsb2FkcyUyRjIwMjMlMkYwNCUyRlNlYUhpbGxzUmVzaWRlbmNlLnBkZiUyMiUyMHRhcmdldCUzRCUyMl9ibGFuayUyMiUyMHN0eWxlJTNEJTIydGV4dC1kZWNvcmF0aW9uJTNBbm9uZSUzQiUyMGNvbG9yJTNBJTIwJTIzQkZBNDc1JTNCJTIwYm9yZGVyJTNBJTIwMXB4JTIwc29saWQlMjAlMjNCRkE0NzUlM0IlMjBiYWNrZ3JvdW5kLWNvbG9yJTNBdHJhbnNwYXJlbnQlM0IlMjBwYWRkaW5nJTNBJTIwOHB4JTIwMjBweCUzQiUyMiUzRVZlciUyMEJyb2NodXJhJTNDJTJGYSUzRQ==[\/vc_raw_html]<\/div><\/div><\/div><\/div><\/div><\/section><section class=\"l-section wpb_row us_custom_71d493ff height_medium width_full\"><div class=\"l-section-h i-cf\"><div class=\"g-cols vc_row via_flex valign_top type_default stacking_default\"><div class=\"vc_col-sm-6 wpb_column vc_column_container\"><div class=\"vc_column-inner\"><div class=\"wpb_wrapper\"><div class=\"wpb_text_column\"><div class=\"wpb_wrapper\"><h2 class=\"t-apart\" style=\"text-align: center;\">8 apartmentos | <span style=\"color: #bfa475;\">T1 at\u00e9 T3<\/span><\/h2>\n<\/div><\/div><\/div><\/div><\/div><div class=\"vc_col-sm-6 wpb_column vc_column_container\"><div class=\"vc_column-inner\"><div class=\"wpb_wrapper\"><div class=\"wpb_text_column\"><div class=\"wpb_wrapper\"><h2 class=\"t-apart\" style=\"text-align: center;\">1 Penthouse | <span style=\"color: #bfa475;\">3 suites<\/span><\/h2>\n<\/div><\/div><\/div><\/div><\/div><\/div><\/div><\/section><section class=\"l-section wpb_row us_custom_47233e1c height_medium width_full\"><div class=\"l-section-h i-cf\"><div class=\"g-cols vc_row via_flex valign_top type_default stacking_default\"><div class=\"vc_col-sm-12 wpb_column vc_column_container\"><div class=\"vc_column-inner\"><div class=\"wpb_wrapper\">[vc_raw_html]JTNDZGl2JTNFJTBBJTIwJTIwJTIwJTIwJTIwJTIwJTNDaW1nJTIwaWQlM0QlMjJmZWF0dXJlZCUyMiUyMHNyYyUzRCUyMmh0dHBzJTNBJTJGJTJGZXJpY2VpcmFwcm9wZXJ0eS5jb20lMkZ3cC1jb250ZW50JTJGdXBsb2FkcyUyRjIwMjMlMkYwNCUyRkZJTkFJU18zMC1QaG90by1zY2FsZWQuanBnJTIyJTNFJTBBJTNDJTJGZGl2JTNFJTBBJTBBJTNDZGl2JTIwY2xhc3MlM0QlMjJpbWctdGh1bWJuYWlsJTIyJTNFJTBBJTIwJTIwJTNDZGl2JTIwY2xhc3MlM0QlMjJ0aHVtYm5haWwlMjIlM0UlMEElMjAlMjAlMjAlMjAlM0NpbWclMjAlMjBjbGFzcyUzRCUyMmltYWdlJTIwYWN0aXZlJTIyJTIwc3JjJTNEJTIyaHR0cHMlM0ElMkYlMkZlcmljZWlyYXByb3BlcnR5LmNvbSUyRndwLWNvbnRlbnQlMkZ1cGxvYWRzJTJGMjAyMyUyRjA0JTJGRklOQUlTXzMwLVBob3RvLXNjYWxlZC5qcGclMjIlM0UlMEElMjAlMjAlM0MlMkZkaXYlM0UlMEElM0NkaXYlMjBjbGFzcyUzRCUyMnRodW1ibmFpbCUyMiUzRSUwQSUyMCUyMCUyMCUyMCUzQ2ltZyUyMCUyMGNsYXNzJTNEJTIyaW1hZ2UlMjIlMjBzcmMlM0QlMjJodHRwcyUzQSUyRiUyRmVyaWNlaXJhcHJvcGVydHkuY29tJTJGd3AtY29udGVudCUyRnVwbG9hZHMlMkYyMDIzJTJGMDQlMkZGSU5BSVNfMjktUGhvdG8tc2NhbGVkLmpwZyUyMiUzRSUwQSUyMCUyMCUzQyUyRmRpdiUzRSUwQSUyMCUyMCUzQ2RpdiUyMGNsYXNzJTNEJTIydGh1bWJuYWlsJTIyJTNFJTBBJTIwJTIwJTIwJTIwJTIwJTNDaW1nJTIwY2xhc3MlM0QlMjJpbWFnZSUyMiUyMHNyYyUzRCUyMmh0dHBzJTNBJTJGJTJGZXJpY2VpcmFwcm9wZXJ0eS5jb20lMkZ3cC1jb250ZW50JTJGdXBsb2FkcyUyRjIwMjMlMkYwNCUyRkZJTkFJU18yNy1QaG90by1zY2FsZWQuanBnJTIyJTNFJTBBJTIwJTIwJTNDJTJGZGl2JTNFJTBBJTIwJTIwJTNDZGl2JTIwY2xhc3MlM0QlMjJ0aHVtYm5haWwlMjIlM0UlMEElMjAlMjAlMjAlMjAlM0NpbWclMjBjbGFzcyUzRCUyMmltYWdlJTIyJTIwc3JjJTNEJTIyaHR0cHMlM0ElMkYlMkZlcmljZWlyYXByb3BlcnR5LmNvbSUyRndwLWNvbnRlbnQlMkZ1cGxvYWRzJTJGMjAyMyUyRjA0JTJGRklOQUlTXzI4LVBob3RvLXNjYWxlZC5qcGclMjIlM0UlMEElMjAlMjAlM0MlMkZkaXYlM0UlMEElMjAlMjAlM0NkaXYlMjBjbGFzcyUzRCUyMnRodW1ibmFpbCUyMHRodW1ibmFpbC1sYXN0JTIyJTNFJTBBJTIwJTIwJTIwJTIwJTIwJTNDaW1nJTIwY2xhc3MlM0QlMjJpbWFnZSUyMiUyMHNyYyUzRCUyMmh0dHBzJTNBJTJGJTJGZXJpY2VpcmFwcm9wZXJ0eS5jb20lMkZ3cC1jb250ZW50JTJGdXBsb2FkcyUyRjIwMjMlMkYwNCUyRkZJTkFJU18yNC1QaG90by1zY2FsZWQuanBnJTIyJTNFJTBBJTIwJTIwJTIwJTNDJTJGZGl2JTNFJTBBJTNDJTJGZGl2JTNFJTBBJTBBJTNDc2NyaXB0JTIwdHlwZSUzRCUyMnRleHQlMkZqYXZhc2NyaXB0JTIyJTNFJTBBJTA5JTA5bGV0JTIwaW1hZ2VzJTIwJTNEJTIwZG9jdW1lbnQuZ2V0RWxlbWVudHNCeUNsYXNzTmFtZSUyOCUyN2ltYWdlJTI3JTI5JTBBJTBBJTA5JTA5bGV0JTIwYWN0aXZlSW1hZ2VzJTIwJTNEJTIwZG9jdW1lbnQuZ2V0RWxlbWVudHNCeUNsYXNzTmFtZSUyOCUyN2FjdGl2ZSUyNyUyOSUwQSUwQSUwOSUwOWZvciUyMCUyOHZhciUyMGklM0QwJTNCJTIwaSUyMCUzQyUyMGltYWdlcy5sZW5ndGglM0IlMjBpJTJCJTJCJTI5JTdCJTBBJTBBJTA5JTA5JTA5aW1hZ2VzJTVCaSU1RC5hZGRFdmVudExpc3RlbmVyJTI4JTI3Y2xpY2slMjclMkMlMjBmdW5jdGlvbiUyOCUyOSU3QiUwQSUwOSUwOSUyMCUyMCUyMCUyMCUyMCUyMCUyMCUyMCUyMCUyMCUyMCUyMCUyMCUyMCUyMGlmJTIwJTI4YWN0aXZlSW1hZ2VzLmxlbmd0aCUyMCUzRSUyMDAlMjklN0IlMEElMDklMDklMDklMDklMDlhY3RpdmVJbWFnZXMlNUIwJTVELmNsYXNzTGlzdC5yZW1vdmUlMjglMjdhY3RpdmUlMjclMjklMEElMDklMDklMDklMDklN0QlMEElMDklMDklMDklMDl0aGlzLmNsYXNzTGlzdC5hZGQlMjglMjdhY3RpdmUlMjclMjklMEElMDklMDklMDklMDlkb2N1bWVudC5nZXRFbGVtZW50QnlJZCUyOCUyN2ZlYXR1cmVkJTI3JTI5LnNyYyUyMCUzRCUyMHRoaXMuc3JjJTBBJTA5JTA5JTA5JTdEJTI5JTBBJTA5JTA5JTdEJTBBJTBBJTBBJTA5JTA5JTBBJTBBJTBBJTA5JTNDJTJGc2NyaXB0JTNF[\/vc_raw_html]<\/div><\/div><\/div><\/div><\/div><\/section><section class=\"l-section wpb_row us_custom_71eeba3f height_medium width_full\"><div class=\"l-section-h i-cf\"><div class=\"g-cols vc_row via_flex valign_top type_default stacking_default\"><div class=\"vc_col-sm-12 wpb_column vc_column_container\"><div class=\"vc_column-inner\"><div class=\"wpb_wrapper\"><div class=\"wpb_text_column\"><div class=\"wpb_wrapper\"><h2 class=\"apart1\" style=\"text-align: center;\"><span style=\"color: #ffffff;\">APENAS UM APARTAMENTO DISPON\u00cdVEL<\/span><span style=\"color: #ffffff;\">!<\/span><\/h2>\n<p style=\"text-align: center;\"><span style=\"color: #ffffff;\">Entre em contacto connosco e agende uma visita a este fant\u00e1stico apartamento T1 que est\u00e1 \u00e0 sua espera.<\/span><\/p>\n<h2 style=\"text-align: center;\"><\/h2>\n<\/div><\/div><div class=\"w-btn-wrapper align_none\"><a class=\"w-btn us-btn-style_8\" title=\"Contactos\" href=\"https:\/\/ericeiraproperty.com\/demo\/contactos-2\/\"><span class=\"w-btn-label\">Contacte-nos<\/span><\/a><\/div><\/div><\/div><\/div><\/div><\/div><\/section><section class=\"l-section wpb_row us_custom_6ff22ccf height_medium width_full\"><div class=\"l-section-h i-cf\"><div class=\"g-cols vc_row via_flex valign_top type_default stacking_default\"><div class=\"vc_col-sm-4 wpb_column vc_column_container\"><div class=\"vc_column-inner us_custom_aa92d13c\"><div class=\"wpb_wrapper\"><div class=\"w-image us_custom_809e3cd3 align_none\"><div class=\"w-image-h\"><img width=\"300\" height=\"80\" src=\"https:\/\/ericeiraproperty.com\/demo\/wp-content\/uploads\/2018\/10\/logosite-300x80.png\" class=\"attachment-medium size-medium\" alt=\"\" decoding=\"async\" loading=\"lazy\" srcset=\"https:\/\/ericeiraproperty.com\/demo\/wp-content\/uploads\/2018\/10\/logosite-300x80.png 300w, https:\/\/ericeiraproperty.com\/demo\/wp-content\/uploads\/2018\/10\/logosite.png 500w\" sizes=\"(max-width: 300px) 100vw, 300px\" \/><\/div><\/div><\/div><\/div><\/div><div class=\"vc_col-sm-2 wpb_column vc_column_container\"><div class=\"vc_column-inner us_custom_aa92d13c\"><div class=\"wpb_wrapper\"><div class=\"wpb_text_column\"><div class=\"wpb_wrapper\"><p style=\"font-size: 20px; font-weight: 500;\">Menu<\/p>\n<p><a style=\"text-decoration: none; color: #333333;\" href=\"https:\/\/ericeiraproperty.com\/demo\/alojamentos\/\">Alojamentos<\/a><br \/>\n<a style=\"text-decoration: none; color: #333333;\" href=\"https:\/\/ericeiraproperty.com\/demo\/sea-hills-residence\/\">Im\u00f3veis para venda<\/a><br \/>\n<a style=\"text-decoration: none; color: #333333;\" href=\"https:\/\/ericeiraproperty.com\/demo\/home-styling\/\">Home Styling<\/a><br \/>\n<a style=\"text-decoration: none; color: #333333;\" href=\"https:\/\/ericeiraproperty.com\/demo\/contactos-2\/\">Contactos<\/a><\/p>\n<\/div><\/div><\/div><\/div><\/div><div class=\"vc_col-sm-3 wpb_column vc_column_container\"><div class=\"vc_column-inner us_custom_aa92d13c\"><div class=\"wpb_wrapper\"><div class=\"wpb_text_column\"><div class=\"wpb_wrapper\"><p style=\"font-size: 20px; font-weight: 500;\">Gest\u00e3o de Propriedades<\/p>\n<p><a style=\"text-decoration: none; color: #333333;\" href=\"https:\/\/ericeiraproperty.com\/demo\/gestao-de-arrendamento-anual\/\">Gest\u00e3o de Arrendamento Anual<\/a><br \/>\n<a style=\"text-decoration: none; color: #333333;\" href=\"https:\/\/ericeiraproperty.com\/demo\/alojamento-local-alojamento-temporario\/\">Alojamento Local\/Alojamento Tempor\u00e1rio<\/a><br \/>\n<a style=\"text-decoration: none; color: #333333;\" href=\"https:\/\/ericeiraproperty.com\/demo\/management-concierge\/\">Management &amp; Concierge<\/a><\/p>\n<\/div><\/div><\/div><\/div><\/div><div class=\"vc_col-sm-3 wpb_column vc_column_container\"><div class=\"vc_column-inner us_custom_aa92d13c\"><div class=\"wpb_wrapper\"><div class=\"wpb_text_column\"><div class=\"wpb_wrapper\"><p style=\"font-size: 20px; font-weight: 500;\">Contactos<\/p>\n<p>management@ericeiraproperty.com<br \/>\n+351 919 139 080 (Custo de chamada para rede m\u00f3vel)<br \/>\nRua Prud\u00eancio Franco da Trindade, n\u00ba 4<br \/>\n2655-344 Ericeira<\/p>\n<\/div><\/div><div class=\"w-socials color_brand shape_square style_default hover_fade\"><div class=\"w-socials-list\"><div class=\"w-socials-item facebook\"><a class=\"w-socials-item-link\" href=\"#\" target=\"_blank\" rel=\"noopener nofollow\" title=\"Facebook\" aria-label=\"Facebook\"><span class=\"w-socials-item-link-hover\"><\/span><i class=\"fab fa-facebook\"><\/i><\/a><div class=\"w-socials-item-popup\"><span>Facebook<\/span><\/div><\/div><div class=\"w-socials-item instagram\"><a class=\"w-socials-item-link\" href=\"#\" target=\"_blank\" rel=\"noopener nofollow\" title=\"Instagram\" aria-label=\"Instagram\"><span class=\"w-socials-item-link-hover\"><\/span><i class=\"fab fa-instagram\"><\/i><\/a><div class=\"w-socials-item-popup\"><span>Instagram<\/span><\/div><\/div><\/div><\/div><\/div><\/div><\/div><div class=\"vc_col-sm-12 wpb_column vc_column_container\"><div class=\"vc_column-inner us_custom_49e78e38\"><div class=\"wpb_wrapper\"><div class=\"wpb_text_column us_custom_eb849559\"><div class=\"wpb_wrapper\"><p>\u00a9 2023 Ericeira Property \u2013 Developed by: Ag\u00eancia da Marca \u2013 Marketing Digital, Design e Comunica\u00e7\u00e3o.<\/p>\n<\/div><\/div><\/div><\/div><\/div><\/div><\/div><\/section>\n","protected":false},"excerpt":{"rendered":"SEA HILLS RESIDENCE Projetados com base em princ\u00edpios de qualidade, os 8 apartamentos Sea Hills Residence permitem-no viver em absoluta harmonia entre a casa, a natureza e a vista para o mar. O compromisso entre o bem-estar e a vista magn\u00edfica, aliando a excel\u00eancia dos detalhes \u00e0 aben\u00e7oada vista solar como inspira\u00e7\u00e3o. [vc_raw_html]JTNDYSUyMGNsYXNzJTNEJTIyc2VhaGlsbHMtYnRuJTIyJTIwaHJlZiUzRCUyMmh0dHBzJTNBJTJGJTJGZXJpY2VpcmFwcm9wZXJ0eS5jb20lMkZ3cC1jb250ZW50JTJGdXBsb2FkcyUyRjIwMjMlMkYwNCUyRlNlYUhpbGxzUmVzaWRlbmNlLnBkZiUyMiUyMHRhcmdldCUzRCUyMl9ibGFuayUyMiUyMHN0eWxlJTNEJTIydGV4dC1kZWNvcmF0aW9uJTNBbm9uZSUzQiUyMGNvbG9yJTNBJTIwJTIzQkZBNDc1JTNCJTIwYm9yZGVyJTNBJTIwMXB4JTIwc29saWQlMjAlMjNCRkE0NzUlM0IlMjBiYWNrZ3JvdW5kLWNvbG9yJTNBdHJhbnNwYXJlbnQlM0IlMjBwYWRkaW5nJTNBJTIwOHB4JTIwMjBweCUzQiUyMiUzRVZlciUyMEJyb2NodXJhJTNDJTJGYSUzRQ==[\/vc_raw_html]8 apartmentos |...","protected":false},"author":2,"featured_media":0,"parent":0,"menu_order":0,"comment_status":"closed","ping_status":"closed","template":"","meta":[],"yoast_head":"<!-- This site is optimized with the Yoast SEO plugin v16.0.2 - https:\/\/yoast.com\/wordpress\/plugins\/seo\/ -->\n<title>Sea Hills Residence - Demo - Ericeira Property<\/title>\n<link rel=\"canonical\" href=\"https:\/\/ericeiraproperty.com\/demo\/sea-hills-residence\/\" \/>\n<meta property=\"og:locale\" content=\"pt_PT\" \/>\n<meta property=\"og:type\" content=\"article\" \/>\n<meta property=\"og:title\" content=\"Sea Hills Residence - Demo - Ericeira Property\" \/>\n<meta property=\"og:url\" content=\"https:\/\/ericeiraproperty.com\/demo\/sea-hills-residence\/\" \/>\n<meta property=\"og:site_name\" content=\"Demo - Ericeira Property\" \/>\n<meta property=\"article:modified_time\" content=\"2023-10-12T10:03:29+00:00\" \/>\n<meta name=\"twitter:card\" content=\"summary_large_image\" \/>\n<meta name=\"twitter:label1\" content=\"Tempo estimado de leitura\">\n\t<meta name=\"twitter:data1\" content=\"1 minute\">\n<script type=\"application\/ld+json\" class=\"yoast-schema-graph\">{\"@context\":\"https:\/\/schema.org\",\"@graph\":[{\"@type\":\"WebSite\",\"@id\":\"https:\/\/ericeiraproperty.com\/demo\/#website\",\"url\":\"https:\/\/ericeiraproperty.com\/demo\/\",\"name\":\"Demo - Ericeira Property\",\"description\":\"Ericeira Property\",\"potentialAction\":[{\"@type\":\"SearchAction\",\"target\":\"https:\/\/ericeiraproperty.com\/demo\/?s={search_term_string}\",\"query-input\":\"required name=search_term_string\"}],\"inLanguage\":\"pt-PT\"},{\"@type\":\"WebPage\",\"@id\":\"https:\/\/ericeiraproperty.com\/demo\/sea-hills-residence\/#webpage\",\"url\":\"https:\/\/ericeiraproperty.com\/demo\/sea-hills-residence\/\",\"name\":\"Sea Hills Residence - Demo - Ericeira Property\",\"isPartOf\":{\"@id\":\"https:\/\/ericeiraproperty.com\/demo\/#website\"},\"datePublished\":\"2023-07-24T22:32:02+00:00\",\"dateModified\":\"2023-10-12T10:03:29+00:00\",\"breadcrumb\":{\"@id\":\"https:\/\/ericeiraproperty.com\/demo\/sea-hills-residence\/#breadcrumb\"},\"inLanguage\":\"pt-PT\",\"potentialAction\":[{\"@type\":\"ReadAction\",\"target\":[\"https:\/\/ericeiraproperty.com\/demo\/sea-hills-residence\/\"]}]},{\"@type\":\"BreadcrumbList\",\"@id\":\"https:\/\/ericeiraproperty.com\/demo\/sea-hills-residence\/#breadcrumb\",\"itemListElement\":[{\"@type\":\"ListItem\",\"position\":1,\"item\":{\"@type\":\"WebPage\",\"@id\":\"https:\/\/ericeiraproperty.com\/demo\/de\/homepage\/\",\"url\":\"https:\/\/ericeiraproperty.com\/demo\/de\/homepage\/\",\"name\":\"In\\u00edcio\"}},{\"@type\":\"ListItem\",\"position\":2,\"item\":{\"@type\":\"WebPage\",\"@id\":\"https:\/\/ericeiraproperty.com\/demo\/sea-hills-residence\/\",\"url\":\"https:\/\/ericeiraproperty.com\/demo\/sea-hills-residence\/\",\"name\":\"Sea Hills Residence\"}}]}]}<\/script>\n<!-- \/ Yoast SEO plugin. -->","_links":{"self":[{"href":"https:\/\/ericeiraproperty.com\/demo\/wp-json\/wp\/v2\/pages\/8273"}],"collection":[{"href":"https:\/\/ericeiraproperty.com\/demo\/wp-json\/wp\/v2\/pages"}],"about":[{"href":"https:\/\/ericeiraproperty.com\/demo\/wp-json\/wp\/v2\/types\/page"}],"author":[{"embeddable":true,"href":"https:\/\/ericeiraproperty.com\/demo\/wp-json\/wp\/v2\/users\/2"}],"replies":[{"embeddable":true,"href":"https:\/\/ericeiraproperty.com\/demo\/wp-json\/wp\/v2\/comments?post=8273"}],"version-history":[{"count":40,"href":"https:\/\/ericeiraproperty.com\/demo\/wp-json\/wp\/v2\/pages\/8273\/revisions"}],"predecessor-version":[{"id":8361,"href":"https:\/\/ericeiraproperty.com\/demo\/wp-json\/wp\/v2\/pages\/8273\/revisions\/8361"}],"wp:attachment":[{"href":"https:\/\/ericeiraproperty.com\/demo\/wp-json\/wp\/v2\/media?parent=8273"}],"curies":[{"name":"wp","href":"https:\/\/api.w.org\/{rel}","templated":true}]}}