{"id":8377,"date":"2023-07-26T09:23:08","date_gmt":"2023-07-26T09:23:08","guid":{"rendered":"https:\/\/ericeiraproperty.com\/demo\/?page_id=8377"},"modified":"2023-10-12T09:48:45","modified_gmt":"2023-10-12T09:48:45","slug":"gestao-de-arrendamento-anual","status":"publish","type":"page","link":"https:\/\/ericeiraproperty.com\/demo\/gestao-de-arrendamento-anual\/","title":{"rendered":"Gest\u00e3o de Arrendamento Anual"},"content":{"rendered":"<section class=\"l-section wpb_row us_custom_bb30bb90 height_medium width_full with_img\"><div class=\"l-section-img\" data-img-width=\"1440\" data-img-height=\"460\" style=\"background-image: url(https:\/\/ericeiraproperty.com\/demo\/wp-content\/uploads\/2023\/07\/banner-arrend-anual.png);\"><\/div><div class=\"l-section-h i-cf\"><div class=\"g-cols vc_row via_flex valign_top type_default stacking_default\"><div class=\"vc_col-sm-12 wpb_column vc_column_container\"><div class=\"vc_column-inner\"><div class=\"wpb_wrapper\"><div class=\"wpb_text_column us_custom_b974ee50 has_text_color\"><div class=\"wpb_wrapper\"><h1>Gest\u00e3o de Arrendamento Anual<\/h1>\n<\/div><\/div><\/div><\/div><\/div><\/div><\/div><\/section><section class=\"l-section wpb_row us_custom_c7df960f height_medium width_full\"><div class=\"l-section-h i-cf\"><div class=\"g-cols vc_row via_flex valign_top type_default stacking_default\"><div class=\"vc_col-sm-12 wpb_column vc_column_container\"><div class=\"vc_column-inner\"><div class=\"wpb_wrapper\"><div class=\"wpb_text_column us_custom_8d5e78d7 has_text_color\"><div class=\"wpb_wrapper\"><p>Rentabilizar um im\u00f3vel em arrendamento anual pode tornar-se um pesadelo, seja na prepara\u00e7\u00e3o e an\u00e1lise do im\u00f3vel ou na gest\u00e3o de inquilinos. A gest\u00e3o de arrendamento anual personalizado \u00e9 o descanso para o propriet\u00e1rio, al\u00e9m de encontrar o inquilino para a propriedade, ficamos a gerir o arrendamento.<br \/>\nA vantagem em colocar o seu im\u00f3vel connosco \u00e9 que prestamos um servi\u00e7o 360\u00ba. Damos todo o apoio necess\u00e1rio na compra, assim como, o apoio \u00e0 gest\u00e3o do im\u00f3vel, bem como de toda a parte operacional na rentabiliza\u00e7\u00e3o do im\u00f3vel.<\/p>\n<\/div><\/div><\/div><\/div><\/div><\/div><\/div><\/section><!-- Row Backgrounds --><div class=\"upb_color\" data-bg-override=\"full\" data-bg-color=\"#cbb062\" data-fadeout=\"\" data-fadeout-percentage=\"30\" data-parallax-content=\"\" data-parallax-content-sense=\"30\" data-row-effect-mobile-disable=\"true\" data-img-parallax-mobile-disable=\"true\" data-rtl=\"false\"  data-custom-vc-row=\"\"  data-vc=\"6.13.0\"  data-is_old_vc=\"\"  data-theme-support=\"\"   data-overlay=\"false\" data-overlay-color=\"\" data-overlay-pattern=\"\" data-overlay-pattern-opacity=\"\" data-overlay-pattern-size=\"\"    ><\/div><section class=\"l-section wpb_row us_custom_b12cc47a height_medium width_full\"><div class=\"l-section-h i-cf\"><div class=\"g-cols vc_row via_flex valign_top type_default stacking_default\"><div class=\"vc_col-sm-12 wpb_column vc_column_container\"><div class=\"vc_column-inner\"><div class=\"wpb_wrapper\"><div class=\"wpb_text_column us_custom_e5e60a76 has_text_color\"><div class=\"wpb_wrapper\"><h1>Como gerimos o seu im\u00f3vel<\/h1>\n<\/div><\/div><div class=\"g-cols wpb_row via_flex valign_top type_default stacking_default\"><div class=\"vc_col-sm-6 wpb_column vc_column_container\"><div class=\"vc_column-inner\"><div class=\"wpb_wrapper\"><div class=\"wpb_text_column us_custom_d6cd8447 list-item\"><div class=\"wpb_wrapper\"><p>Sele\u00e7\u00e3o criteriosa do inquilino<\/p>\n<\/div><\/div><div class=\"wpb_text_column us_custom_d6cd8447 list-item\"><div class=\"wpb_wrapper\"><p>Resposta imediata \u00e0s anomalias encontradas<\/p>\n<\/div><\/div><div class=\"wpb_text_column us_custom_d6cd8447 list-item\"><div class=\"wpb_wrapper\"><p>Vistorias anuais ao im\u00f3vel<\/p>\n<\/div><\/div><\/div><\/div><\/div><div class=\"vc_col-sm-6 wpb_column vc_column_container\"><div class=\"vc_column-inner\"><div class=\"wpb_wrapper\"><div class=\"wpb_text_column us_custom_d6cd8447 list-item\"><div class=\"wpb_wrapper\"><p>Apoio Fiscal<\/p>\n<\/div><\/div><div class=\"wpb_text_column us_custom_d6cd8447 list-item\"><div class=\"wpb_wrapper\"><p>Emiss\u00e3o de recibos mensais<\/p>\n<\/div><\/div><div class=\"wpb_text_column us_custom_d6cd8447 list-item\"><div class=\"wpb_wrapper\"><p>Acompanhamento no caso de incumprimento no pagamento das rendas.<\/p>\n<\/div><\/div><\/div><\/div><\/div><\/div><\/div><\/div><\/div><\/div><\/div><\/section><!-- Row Backgrounds --><div class=\"upb_color\" data-bg-override=\"full\" data-bg-color=\"\" data-fadeout=\"\" data-fadeout-percentage=\"30\" data-parallax-content=\"\" data-parallax-content-sense=\"30\" data-row-effect-mobile-disable=\"true\" data-img-parallax-mobile-disable=\"true\" data-rtl=\"false\"  data-custom-vc-row=\"\"  data-vc=\"6.13.0\"  data-is_old_vc=\"\"  data-theme-support=\"\"   data-overlay=\"false\" data-overlay-color=\"\" data-overlay-pattern=\"\" data-overlay-pattern-opacity=\"\" data-overlay-pattern-size=\"\"    ><\/div><section class=\"l-section wpb_row us_custom_54af2d5f height_medium width_full\"><div class=\"l-section-h i-cf\"><div class=\"g-cols vc_row via_flex valign_top type_default stacking_default\"><div class=\"vc_col-sm-4\/5 wpb_column vc_column_container\"><div class=\"vc_column-inner us_custom_1eaf49aa\"><div class=\"vc_column-overlay\" style=\"background:#cbb062\"><\/div><div class=\"wpb_wrapper\"><div class=\"wpb_text_column us_custom_eeb3f56b\"><div class=\"wpb_wrapper\"><p><span style=\"color: #ffffff; font-size: 24px;\">Tem alguma quest\u00e3o? Entre em contacto connosco para esclarecer as suas quest\u00f5es.<\/span><\/p>\n<\/div><\/div><\/div><\/div><\/div><div class=\"vc_col-sm-1\/5 wpb_column vc_column_container btn-contacto\"><div class=\"vc_column-inner\"><div class=\"vc_column-overlay\" style=\"background:#cbb062\"><\/div><div class=\"wpb_wrapper\"><div class=\"w-btn-wrapper align_right\"><a class=\"w-btn us-btn-style_4\" title=\"Contactos\" href=\"https:\/\/ericeiraproperty.com\/demo\/contactos-2\/\"><span class=\"w-btn-label\">Contacte-nos<\/span><\/a><\/div><\/div><\/div><\/div><\/div><\/div><\/section><section class=\"l-section wpb_row us_custom_6ff22ccf height_medium width_full\"><div class=\"l-section-h i-cf\"><div class=\"g-cols vc_row via_flex valign_top type_default stacking_default\"><div class=\"vc_col-sm-4 wpb_column vc_column_container\"><div class=\"vc_column-inner us_custom_aa92d13c\"><div class=\"wpb_wrapper\"><div class=\"w-image us_custom_809e3cd3 align_none\"><div class=\"w-image-h\"><img width=\"300\" height=\"80\" src=\"https:\/\/ericeiraproperty.com\/demo\/wp-content\/uploads\/2018\/10\/logosite-300x80.png\" class=\"attachment-medium size-medium\" alt=\"\" decoding=\"async\" loading=\"lazy\" srcset=\"https:\/\/ericeiraproperty.com\/demo\/wp-content\/uploads\/2018\/10\/logosite-300x80.png 300w, https:\/\/ericeiraproperty.com\/demo\/wp-content\/uploads\/2018\/10\/logosite.png 500w\" sizes=\"(max-width: 300px) 100vw, 300px\" \/><\/div><\/div><\/div><\/div><\/div><div class=\"vc_col-sm-2 wpb_column vc_column_container\"><div class=\"vc_column-inner us_custom_aa92d13c\"><div class=\"wpb_wrapper\"><div class=\"wpb_text_column\"><div class=\"wpb_wrapper\"><p style=\"font-size: 20px; font-weight: 500;\">Menu<\/p>\n<p><a style=\"text-decoration: none; color: #333333;\" href=\"https:\/\/ericeiraproperty.com\/demo\/alojamentos\/\">Alojamentos<\/a><br \/>\n<a style=\"text-decoration: none; color: #333333;\" href=\"https:\/\/ericeiraproperty.com\/demo\/sea-hills-residence\/\">Im\u00f3veis para venda<\/a><br \/>\n<a style=\"text-decoration: none; color: #333333;\" href=\"https:\/\/ericeiraproperty.com\/demo\/home-styling\/\">Home Styling<\/a><br \/>\n<a style=\"text-decoration: none; color: #333333;\" href=\"https:\/\/ericeiraproperty.com\/demo\/contactos-2\/\">Contactos<\/a><\/p>\n<\/div><\/div><\/div><\/div><\/div><div class=\"vc_col-sm-3 wpb_column vc_column_container\"><div class=\"vc_column-inner us_custom_aa92d13c\"><div class=\"wpb_wrapper\"><div class=\"wpb_text_column\"><div class=\"wpb_wrapper\"><p style=\"font-size: 20px; font-weight: 500;\">Gest\u00e3o de Propriedades<\/p>\n<p><a style=\"text-decoration: none; color: #333333;\" href=\"https:\/\/ericeiraproperty.com\/demo\/gestao-de-arrendamento-anual\/\">Gest\u00e3o de Arrendamento Anual<\/a><br \/>\n<a style=\"text-decoration: none; color: #333333;\" href=\"https:\/\/ericeiraproperty.com\/demo\/alojamento-local-alojamento-temporario\/\">Alojamento Local\/Alojamento Tempor\u00e1rio<\/a><br \/>\n<a style=\"text-decoration: none; color: #333333;\" href=\"https:\/\/ericeiraproperty.com\/demo\/management-concierge\/\">Management &amp; Concierge<\/a><\/p>\n<\/div><\/div><\/div><\/div><\/div><div class=\"vc_col-sm-3 wpb_column vc_column_container\"><div class=\"vc_column-inner us_custom_aa92d13c\"><div class=\"wpb_wrapper\"><div class=\"wpb_text_column\"><div class=\"wpb_wrapper\"><p style=\"font-size: 20px; font-weight: 500;\">Contactos<\/p>\n<p>management@ericeiraproperty.com<br \/>\n+351 919 139 080 (Custo de chamada para rede m\u00f3vel)<br \/>\nRua Prud\u00eancio Franco da Trindade, n\u00ba 4<br \/>\n2655-344 Ericeira<\/p>\n<\/div><\/div><div class=\"w-socials color_brand shape_square style_default hover_fade\"><div class=\"w-socials-list\"><div class=\"w-socials-item facebook\"><a class=\"w-socials-item-link\" href=\"#\" target=\"_blank\" rel=\"noopener nofollow\" title=\"Facebook\" aria-label=\"Facebook\"><span class=\"w-socials-item-link-hover\"><\/span><i class=\"fab fa-facebook\"><\/i><\/a><div class=\"w-socials-item-popup\"><span>Facebook<\/span><\/div><\/div><div class=\"w-socials-item instagram\"><a class=\"w-socials-item-link\" href=\"#\" target=\"_blank\" rel=\"noopener nofollow\" title=\"Instagram\" aria-label=\"Instagram\"><span class=\"w-socials-item-link-hover\"><\/span><i class=\"fab fa-instagram\"><\/i><\/a><div class=\"w-socials-item-popup\"><span>Instagram<\/span><\/div><\/div><\/div><\/div><\/div><\/div><\/div><div class=\"vc_col-sm-12 wpb_column vc_column_container\"><div class=\"vc_column-inner us_custom_49e78e38\"><div class=\"wpb_wrapper\"><div class=\"wpb_text_column us_custom_eb849559\"><div class=\"wpb_wrapper\"><p>\u00a9 2023 Ericeira Property \u2013 Developed by: Ag\u00eancia da Marca \u2013 Marketing Digital, Design e Comunica\u00e7\u00e3o.<\/p>\n<\/div><\/div><\/div><\/div><\/div><\/div><\/div><\/section>\n","protected":false},"excerpt":{"rendered":"Gest\u00e3o de Arrendamento Anual Rentabilizar um im\u00f3vel em arrendamento anual pode tornar-se um pesadelo, seja na prepara\u00e7\u00e3o e an\u00e1lise do im\u00f3vel ou na gest\u00e3o de inquilinos. A gest\u00e3o de arrendamento anual personalizado \u00e9 o descanso para o propriet\u00e1rio, al\u00e9m de encontrar o inquilino para a propriedade, ficamos a gerir o arrendamento. A vantagem em colocar...","protected":false},"author":2,"featured_media":0,"parent":0,"menu_order":0,"comment_status":"closed","ping_status":"closed","template":"","meta":[],"yoast_head":"<!-- This site is optimized with the Yoast SEO plugin v16.0.2 - https:\/\/yoast.com\/wordpress\/plugins\/seo\/ -->\n<title>Gest\u00e3o de Arrendamento Anual - Demo - Ericeira Property<\/title>\n<link rel=\"canonical\" href=\"https:\/\/ericeiraproperty.com\/demo\/gestao-de-arrendamento-anual\/\" \/>\n<meta property=\"og:locale\" content=\"pt_PT\" \/>\n<meta property=\"og:type\" content=\"article\" \/>\n<meta property=\"og:title\" content=\"Gest\u00e3o de Arrendamento Anual - Demo - Ericeira Property\" \/>\n<meta property=\"og:url\" content=\"https:\/\/ericeiraproperty.com\/demo\/gestao-de-arrendamento-anual\/\" \/>\n<meta property=\"og:site_name\" content=\"Demo - Ericeira Property\" \/>\n<meta property=\"article:modified_time\" content=\"2023-10-12T09:48:45+00:00\" \/>\n<meta name=\"twitter:card\" content=\"summary_large_image\" \/>\n<meta name=\"twitter:label1\" content=\"Tempo estimado de leitura\">\n\t<meta name=\"twitter:data1\" content=\"2 minutes\">\n<script type=\"application\/ld+json\" class=\"yoast-schema-graph\">{\"@context\":\"https:\/\/schema.org\",\"@graph\":[{\"@type\":\"WebSite\",\"@id\":\"https:\/\/ericeiraproperty.com\/demo\/#website\",\"url\":\"https:\/\/ericeiraproperty.com\/demo\/\",\"name\":\"Demo - Ericeira Property\",\"description\":\"Ericeira Property\",\"potentialAction\":[{\"@type\":\"SearchAction\",\"target\":\"https:\/\/ericeiraproperty.com\/demo\/?s={search_term_string}\",\"query-input\":\"required name=search_term_string\"}],\"inLanguage\":\"pt-PT\"},{\"@type\":\"WebPage\",\"@id\":\"https:\/\/ericeiraproperty.com\/demo\/gestao-de-arrendamento-anual\/#webpage\",\"url\":\"https:\/\/ericeiraproperty.com\/demo\/gestao-de-arrendamento-anual\/\",\"name\":\"Gest\\u00e3o de Arrendamento Anual - Demo - Ericeira Property\",\"isPartOf\":{\"@id\":\"https:\/\/ericeiraproperty.com\/demo\/#website\"},\"datePublished\":\"2023-07-26T09:23:08+00:00\",\"dateModified\":\"2023-10-12T09:48:45+00:00\",\"breadcrumb\":{\"@id\":\"https:\/\/ericeiraproperty.com\/demo\/gestao-de-arrendamento-anual\/#breadcrumb\"},\"inLanguage\":\"pt-PT\",\"potentialAction\":[{\"@type\":\"ReadAction\",\"target\":[\"https:\/\/ericeiraproperty.com\/demo\/gestao-de-arrendamento-anual\/\"]}]},{\"@type\":\"BreadcrumbList\",\"@id\":\"https:\/\/ericeiraproperty.com\/demo\/gestao-de-arrendamento-anual\/#breadcrumb\",\"itemListElement\":[{\"@type\":\"ListItem\",\"position\":1,\"item\":{\"@type\":\"WebPage\",\"@id\":\"https:\/\/ericeiraproperty.com\/demo\/de\/homepage\/\",\"url\":\"https:\/\/ericeiraproperty.com\/demo\/de\/homepage\/\",\"name\":\"In\\u00edcio\"}},{\"@type\":\"ListItem\",\"position\":2,\"item\":{\"@type\":\"WebPage\",\"@id\":\"https:\/\/ericeiraproperty.com\/demo\/gestao-de-arrendamento-anual\/\",\"url\":\"https:\/\/ericeiraproperty.com\/demo\/gestao-de-arrendamento-anual\/\",\"name\":\"Gest\\u00e3o de Arrendamento Anual\"}}]}]}<\/script>\n<!-- \/ Yoast SEO plugin. -->","_links":{"self":[{"href":"https:\/\/ericeiraproperty.com\/demo\/wp-json\/wp\/v2\/pages\/8377"}],"collection":[{"href":"https:\/\/ericeiraproperty.com\/demo\/wp-json\/wp\/v2\/pages"}],"about":[{"href":"https:\/\/ericeiraproperty.com\/demo\/wp-json\/wp\/v2\/types\/page"}],"author":[{"embeddable":true,"href":"https:\/\/ericeiraproperty.com\/demo\/wp-json\/wp\/v2\/users\/2"}],"replies":[{"embeddable":true,"href":"https:\/\/ericeiraproperty.com\/demo\/wp-json\/wp\/v2\/comments?post=8377"}],"version-history":[{"count":44,"href":"https:\/\/ericeiraproperty.com\/demo\/wp-json\/wp\/v2\/pages\/8377\/revisions"}],"predecessor-version":[{"id":8985,"href":"https:\/\/ericeiraproperty.com\/demo\/wp-json\/wp\/v2\/pages\/8377\/revisions\/8985"}],"wp:attachment":[{"href":"https:\/\/ericeiraproperty.com\/demo\/wp-json\/wp\/v2\/media?parent=8377"}],"curies":[{"name":"wp","href":"https:\/\/api.w.org\/{rel}","templated":true}]}}