{"id":9048,"date":"2023-11-17T10:47:18","date_gmt":"2023-11-17T10:47:18","guid":{"rendered":"https:\/\/ericeiraproperty.com\/demo\/?page_id=9048"},"modified":"2023-11-17T21:36:30","modified_gmt":"2023-11-17T21:36:30","slug":"jaehrliche-verwaltung-von-mietvertraegen","status":"publish","type":"page","link":"https:\/\/ericeiraproperty.com\/demo\/de\/jaehrliche-verwaltung-von-mietvertraegen\/","title":{"rendered":"J\u00e4hrliche Verwaltung von Mietvertr\u00e4gen"},"content":{"rendered":"<section class=\"l-section wpb_row us_custom_bb30bb90 height_medium width_full with_img\"><div class=\"l-section-img\" data-img-width=\"1440\" data-img-height=\"460\" style=\"background-image: url(https:\/\/ericeiraproperty.com\/demo\/wp-content\/uploads\/2023\/07\/banner-arrend-anual.png);\"><\/div><div class=\"l-section-h i-cf\"><div class=\"g-cols vc_row via_flex valign_top type_default stacking_default\"><div class=\"vc_col-sm-12 wpb_column vc_column_container\"><div class=\"vc_column-inner\"><div class=\"wpb_wrapper\"><div class=\"wpb_text_column us_custom_b974ee50 has_text_color\"><div class=\"wpb_wrapper\"><h1>J\u00e4hrliche Verwaltung von Mietvertr\u00e4gen<\/h1>\n<\/div><\/div><\/div><\/div><\/div><\/div><\/div><\/section><section class=\"l-section wpb_row us_custom_c7df960f height_medium width_full\"><div class=\"l-section-h i-cf\"><div class=\"g-cols vc_row via_flex valign_top type_default stacking_default\"><div class=\"vc_col-sm-12 wpb_column vc_column_container\"><div class=\"vc_column-inner\"><div class=\"wpb_wrapper\"><div class=\"wpb_text_column us_custom_8d5e78d7 has_text_color\"><div class=\"wpb_wrapper\"><p>Es kann schwierig sein, Geld mit einem j\u00e4hrlichen Mietvertrag zu verdienen, wenn man eine Immobilie im Ausland besitzt. Wie helfen, wenn es um die Planung, Analyse oder die Verwaltung der Mieter geht. Unser j\u00e4hrlicher Mietverwaltungsdienst erleichtert Vermietern die Suche nach Mietern und verwaltet gleichzeitig den Mietvertrag. Der Vorteil, Ihre Immobilie bei uns zu platzieren, besteht darin, dass wir Ihnen einen umfassenden Service anbieten. Wir unterst\u00fctzen Sie beim Kauf, bei der Verwaltung und der Monetarisierung der Immobilie.<\/p>\n<\/div><\/div><\/div><\/div><\/div><\/div><\/div><\/section><!-- Row Backgrounds --><div class=\"upb_color\" data-bg-override=\"full\" data-bg-color=\"#cbb062\" data-fadeout=\"\" data-fadeout-percentage=\"30\" data-parallax-content=\"\" data-parallax-content-sense=\"30\" data-row-effect-mobile-disable=\"true\" data-img-parallax-mobile-disable=\"true\" data-rtl=\"false\"  data-custom-vc-row=\"\"  data-vc=\"6.13.0\"  data-is_old_vc=\"\"  data-theme-support=\"\"   data-overlay=\"false\" data-overlay-color=\"\" data-overlay-pattern=\"\" data-overlay-pattern-opacity=\"\" data-overlay-pattern-size=\"\"    ><\/div><section class=\"l-section wpb_row us_custom_b12cc47a height_medium width_full\"><div class=\"l-section-h i-cf\"><div class=\"g-cols vc_row via_flex valign_top type_default stacking_default\"><div class=\"vc_col-sm-12 wpb_column vc_column_container\"><div class=\"vc_column-inner\"><div class=\"wpb_wrapper\"><div class=\"wpb_text_column us_custom_e5e60a76 has_text_color\"><div class=\"wpb_wrapper\"><h1>Wie wir Ihre Immobilie verwalten<\/h1>\n<\/div><\/div><div class=\"g-cols wpb_row via_flex valign_top type_default stacking_default\"><div class=\"vc_col-sm-6 wpb_column vc_column_container\"><div class=\"vc_column-inner\"><div class=\"wpb_wrapper\"><div class=\"wpb_text_column us_custom_d6cd8447 list-item\"><div class=\"wpb_wrapper\"><p>Sorgf\u00e4ltige Mieterauswahl<\/p>\n<\/div><\/div><div class=\"wpb_text_column us_custom_d6cd8447 list-item\"><div class=\"wpb_wrapper\"><p>sofortige Reaktion auf festgestellte Anomalien<\/p>\n<\/div><\/div><div class=\"wpb_text_column us_custom_d6cd8447 list-item\"><div class=\"wpb_wrapper\"><p>J\u00e4hrliche Inspektionen der Immobilien<\/p>\n<\/div><\/div><\/div><\/div><\/div><div class=\"vc_col-sm-6 wpb_column vc_column_container\"><div class=\"vc_column-inner\"><div class=\"wpb_wrapper\"><div class=\"wpb_text_column us_custom_d6cd8447 list-item\"><div class=\"wpb_wrapper\"><p>Steuerliche Unterst\u00fctzung<\/p>\n<\/div><\/div><div class=\"wpb_text_column us_custom_d6cd8447 list-item\"><div class=\"wpb_wrapper\"><p>Ausstellung von monatlichen Quittungen<\/p>\n<\/div><\/div><div class=\"wpb_text_column us_custom_d6cd8447 list-item\"><div class=\"wpb_wrapper\"><p>Follow-up bei Nichtzahlung von Mieten.<\/p>\n<\/div><\/div><\/div><\/div><\/div><\/div><\/div><\/div><\/div><\/div><\/div><\/section><!-- Row Backgrounds --><div class=\"upb_color\" data-bg-override=\"full\" data-bg-color=\"\" data-fadeout=\"\" data-fadeout-percentage=\"30\" data-parallax-content=\"\" data-parallax-content-sense=\"30\" data-row-effect-mobile-disable=\"true\" data-img-parallax-mobile-disable=\"true\" data-rtl=\"false\"  data-custom-vc-row=\"\"  data-vc=\"6.13.0\"  data-is_old_vc=\"\"  data-theme-support=\"\"   data-overlay=\"false\" data-overlay-color=\"\" data-overlay-pattern=\"\" data-overlay-pattern-opacity=\"\" data-overlay-pattern-size=\"\"    ><\/div><section class=\"l-section wpb_row us_custom_54af2d5f height_medium width_full\"><div class=\"l-section-h i-cf\"><div class=\"g-cols vc_row via_flex valign_top type_default stacking_default\"><div class=\"vc_col-sm-4\/5 wpb_column vc_column_container\"><div class=\"vc_column-inner us_custom_1eaf49aa\"><div class=\"vc_column-overlay\" style=\"background:#cbb062\"><\/div><div class=\"wpb_wrapper\"><div class=\"wpb_text_column us_custom_eeb3f56b\"><div class=\"wpb_wrapper\"><p><span style=\"color: #ffffff; font-size: 24px;\"> Haben Sie Fragen? Bitte kontaktieren Sie uns, um Ihre Fragen zu kl\u00e4ren.<\/span><\/p>\n<\/div><\/div><\/div><\/div><\/div><div class=\"vc_col-sm-1\/5 wpb_column vc_column_container btn-contacto\"><div class=\"vc_column-inner\"><div class=\"vc_column-overlay\" style=\"background:#cbb062\"><\/div><div class=\"wpb_wrapper\"><div class=\"w-btn-wrapper align_right\"><a class=\"w-btn us-btn-style_4\" title=\"Contactos\" href=\"https:\/\/ericeiraproperty.com\/demo\/de\/kontakte\/\"><span class=\"w-btn-label\">Kontaktieren Sie uns<\/span><\/a><\/div><\/div><\/div><\/div><\/div><\/div><\/section>\n","protected":false},"excerpt":{"rendered":"J\u00e4hrliche Verwaltung von Mietvertr\u00e4gen Es kann schwierig sein, Geld mit einem j\u00e4hrlichen Mietvertrag zu verdienen, wenn man eine Immobilie im Ausland besitzt. Wie helfen, wenn es um die Planung, Analyse oder die Verwaltung der Mieter geht. Unser j\u00e4hrlicher Mietverwaltungsdienst erleichtert Vermietern die Suche nach Mietern und verwaltet gleichzeitig den Mietvertrag. Der Vorteil, Ihre Immobilie bei...","protected":false},"author":2,"featured_media":0,"parent":0,"menu_order":0,"comment_status":"closed","ping_status":"closed","template":"","meta":[],"yoast_head":"<!-- This site is optimized with the Yoast SEO plugin v16.0.2 - https:\/\/yoast.com\/wordpress\/plugins\/seo\/ -->\n<title>J\u00e4hrliche Verwaltung von Mietvertr\u00e4gen - Demo - Ericeira Property<\/title>\n<link rel=\"canonical\" href=\"https:\/\/ericeiraproperty.com\/demo\/de\/jaehrliche-verwaltung-von-mietvertraegen\/\" \/>\n<meta property=\"og:locale\" content=\"pt_PT\" \/>\n<meta property=\"og:type\" content=\"article\" \/>\n<meta property=\"og:title\" content=\"J\u00e4hrliche Verwaltung von Mietvertr\u00e4gen - Demo - Ericeira Property\" \/>\n<meta property=\"og:url\" content=\"https:\/\/ericeiraproperty.com\/demo\/de\/jaehrliche-verwaltung-von-mietvertraegen\/\" \/>\n<meta property=\"og:site_name\" content=\"Demo - Ericeira Property\" \/>\n<meta property=\"article:modified_time\" content=\"2023-11-17T21:36:30+00:00\" \/>\n<meta name=\"twitter:card\" content=\"summary_large_image\" \/>\n<meta name=\"twitter:label1\" content=\"Tempo estimado de leitura\">\n\t<meta name=\"twitter:data1\" content=\"1 minute\">\n<script type=\"application\/ld+json\" class=\"yoast-schema-graph\">{\"@context\":\"https:\/\/schema.org\",\"@graph\":[{\"@type\":\"WebSite\",\"@id\":\"https:\/\/ericeiraproperty.com\/demo\/#website\",\"url\":\"https:\/\/ericeiraproperty.com\/demo\/\",\"name\":\"Demo - Ericeira Property\",\"description\":\"Ericeira Property\",\"potentialAction\":[{\"@type\":\"SearchAction\",\"target\":\"https:\/\/ericeiraproperty.com\/demo\/?s={search_term_string}\",\"query-input\":\"required name=search_term_string\"}],\"inLanguage\":\"pt-PT\"},{\"@type\":\"WebPage\",\"@id\":\"https:\/\/ericeiraproperty.com\/demo\/de\/jaehrliche-verwaltung-von-mietvertraegen\/#webpage\",\"url\":\"https:\/\/ericeiraproperty.com\/demo\/de\/jaehrliche-verwaltung-von-mietvertraegen\/\",\"name\":\"J\\u00e4hrliche Verwaltung von Mietvertr\\u00e4gen - Demo - Ericeira Property\",\"isPartOf\":{\"@id\":\"https:\/\/ericeiraproperty.com\/demo\/#website\"},\"datePublished\":\"2023-11-17T10:47:18+00:00\",\"dateModified\":\"2023-11-17T21:36:30+00:00\",\"breadcrumb\":{\"@id\":\"https:\/\/ericeiraproperty.com\/demo\/de\/jaehrliche-verwaltung-von-mietvertraegen\/#breadcrumb\"},\"inLanguage\":\"pt-PT\",\"potentialAction\":[{\"@type\":\"ReadAction\",\"target\":[\"https:\/\/ericeiraproperty.com\/demo\/de\/jaehrliche-verwaltung-von-mietvertraegen\/\"]}]},{\"@type\":\"BreadcrumbList\",\"@id\":\"https:\/\/ericeiraproperty.com\/demo\/de\/jaehrliche-verwaltung-von-mietvertraegen\/#breadcrumb\",\"itemListElement\":[{\"@type\":\"ListItem\",\"position\":1,\"item\":{\"@type\":\"WebPage\",\"@id\":\"https:\/\/ericeiraproperty.com\/demo\/de\/homepage\/\",\"url\":\"https:\/\/ericeiraproperty.com\/demo\/de\/homepage\/\",\"name\":\"In\\u00edcio\"}},{\"@type\":\"ListItem\",\"position\":2,\"item\":{\"@type\":\"WebPage\",\"@id\":\"https:\/\/ericeiraproperty.com\/demo\/de\/jaehrliche-verwaltung-von-mietvertraegen\/\",\"url\":\"https:\/\/ericeiraproperty.com\/demo\/de\/jaehrliche-verwaltung-von-mietvertraegen\/\",\"name\":\"J\\u00e4hrliche Verwaltung von Mietvertr\\u00e4gen\"}}]}]}<\/script>\n<!-- \/ Yoast SEO plugin. -->","_links":{"self":[{"href":"https:\/\/ericeiraproperty.com\/demo\/wp-json\/wp\/v2\/pages\/9048"}],"collection":[{"href":"https:\/\/ericeiraproperty.com\/demo\/wp-json\/wp\/v2\/pages"}],"about":[{"href":"https:\/\/ericeiraproperty.com\/demo\/wp-json\/wp\/v2\/types\/page"}],"author":[{"embeddable":true,"href":"https:\/\/ericeiraproperty.com\/demo\/wp-json\/wp\/v2\/users\/2"}],"replies":[{"embeddable":true,"href":"https:\/\/ericeiraproperty.com\/demo\/wp-json\/wp\/v2\/comments?post=9048"}],"version-history":[{"count":7,"href":"https:\/\/ericeiraproperty.com\/demo\/wp-json\/wp\/v2\/pages\/9048\/revisions"}],"predecessor-version":[{"id":9208,"href":"https:\/\/ericeiraproperty.com\/demo\/wp-json\/wp\/v2\/pages\/9048\/revisions\/9208"}],"wp:attachment":[{"href":"https:\/\/ericeiraproperty.com\/demo\/wp-json\/wp\/v2\/media?parent=9048"}],"curies":[{"name":"wp","href":"https:\/\/api.w.org\/{rel}","templated":true}]}}