{"id":9054,"date":"2023-11-17T11:44:28","date_gmt":"2023-11-17T11:44:28","guid":{"rendered":"https:\/\/ericeiraproperty.com\/demo\/?page_id=9054"},"modified":"2023-11-17T11:44:28","modified_gmt":"2023-11-17T11:44:28","slug":"alojamento-local-alojamento-temporario","status":"publish","type":"page","link":"https:\/\/ericeiraproperty.com\/demo\/alojamento-local-alojamento-temporario\/","title":{"rendered":"Alojamento Local\/Alojamento Tempor\u00e1rio"},"content":{"rendered":"<section class=\"l-section wpb_row us_custom_bb30bb90 height_medium width_full with_img\"><div class=\"l-section-img\" data-img-width=\"1440\" data-img-height=\"460\" style=\"background-image: url(https:\/\/ericeiraproperty.com\/demo\/wp-content\/uploads\/2023\/07\/banner-aloj-local.png);\"><\/div><div class=\"l-section-h i-cf\"><div class=\"g-cols vc_row via_flex valign_top type_default stacking_default\"><div class=\"vc_col-sm-12 wpb_column vc_column_container\"><div class=\"vc_column-inner\"><div class=\"wpb_wrapper\"><div class=\"wpb_text_column us_custom_bc72ab76 has_text_color\"><div class=\"wpb_wrapper\"><p>Alojamento Local\/Alojamento Tempor\u00e1rio<\/p>\n<\/div><\/div><\/div><\/div><\/div><\/div><\/div><\/section><section class=\"l-section wpb_row us_custom_c7df960f height_medium width_full\"><div class=\"l-section-h i-cf\"><div class=\"g-cols vc_row via_flex valign_top type_default stacking_default\"><div class=\"vc_col-sm-12 wpb_column vc_column_container\"><div class=\"vc_column-inner\"><div class=\"wpb_wrapper\"><div class=\"wpb_text_column us_custom_8d5e78d7 has_text_color\"><div class=\"wpb_wrapper\"><p>Para rentabilizar a sua casa, ter rendimento quando n\u00e3o est\u00e1 a us\u00e1-la, temos v\u00e1rias solu\u00e7\u00f5es que podem ir do alojamento local, ao alojamento tempor\u00e1rio, tendo por princ\u00edpio a rentabilidade m\u00e1xima, sempre com o cuidado da manuten\u00e7\u00e3o da propriedade.<br \/>\nSomos todos donos da experi\u00eancia de cliente. Cada um de n\u00f3s \u00e9 respons\u00e1vel por fornecer um servi\u00e7o que exceda as expectativas e que melhore a experi\u00eancia do cliente. A excel\u00eancia \u00e9 a nossa meta. Conhecemos a Ericeira por dentro e por fora, quer necessite ajuda para gerir o seu alojamento, ou conselhos para tirar o m\u00e1ximo partido e rentabilidade da sua propriedade.<\/p>\n<\/div><\/div><\/div><\/div><\/div><\/div><\/div><\/section><!-- Row Backgrounds --><div class=\"upb_color\" data-bg-override=\"full\" data-bg-color=\"#cbb062\" data-fadeout=\"\" data-fadeout-percentage=\"30\" data-parallax-content=\"\" data-parallax-content-sense=\"30\" data-row-effect-mobile-disable=\"true\" data-img-parallax-mobile-disable=\"true\" data-rtl=\"false\"  data-custom-vc-row=\"\"  data-vc=\"6.13.0\"  data-is_old_vc=\"\"  data-theme-support=\"\"   data-overlay=\"false\" data-overlay-color=\"\" data-overlay-pattern=\"\" data-overlay-pattern-opacity=\"\" data-overlay-pattern-size=\"\"    ><\/div><section class=\"l-section wpb_row us_custom_7d08b313 height_medium width_full\"><div class=\"l-section-h i-cf\"><div class=\"g-cols vc_row via_flex valign_top type_default stacking_default\"><div class=\"vc_col-sm-12 wpb_column vc_column_container\"><div class=\"vc_column-inner\"><div class=\"wpb_wrapper\"><div class=\"wpb_text_column us_custom_e5e60a76 has_text_color\"><div class=\"wpb_wrapper\"><h1 id=\"sevpg\">Servi\u00e7os de Pr\u00e9 Gest\u00e3o<\/h1>\n<h3>(Legaliza\u00e7\u00e3o\/Prepara\u00e7\u00e3o do im\u00f3vel para AL)<\/h3>\n<\/div><\/div><div class=\"g-cols wpb_row us_custom_410d679f via_flex valign_top type_default stacking_default\"><div class=\"vc_col-sm-6 wpb_column vc_column_container\"><div class=\"vc_column-inner\"><div class=\"wpb_wrapper\"><div class=\"wpb_text_column us_custom_fc18fc04 list-item\"><div class=\"wpb_wrapper\"><p>Estudo de mercado<\/p>\n<\/div><\/div><div class=\"wpb_text_column us_custom_fc18fc04 list-item\"><div class=\"wpb_wrapper\"><p>Registo para licen\u00e7a de alojamento local<\/p>\n<\/div><\/div><div class=\"wpb_text_column us_custom_fc18fc04 list-item\"><div class=\"wpb_wrapper\"><p>Invent\u00e1rio e aquisi\u00e7\u00e3o de material necess\u00e1rio para o alojamento<\/p>\n<\/div><\/div><\/div><\/div><\/div><div class=\"vc_col-sm-6 wpb_column vc_column_container\"><div class=\"vc_column-inner\"><div class=\"wpb_wrapper\"><div class=\"wpb_text_column us_custom_fc18fc04 list-item\"><div class=\"wpb_wrapper\"><p>Decora\u00e7\u00e3o e organiza\u00e7\u00e3o da casa<\/p>\n<\/div><\/div><div class=\"wpb_text_column us_custom_fc18fc04 list-item\"><div class=\"wpb_wrapper\"><p>Prepara\u00e7\u00e3o para a vistoria da casa<\/p>\n<\/div><\/div><div class=\"wpb_text_column us_custom_fc18fc04 list-item\"><div class=\"wpb_wrapper\"><p>Reportagem fotogr\u00e1fica<\/p>\n<\/div><\/div><\/div><\/div><\/div><\/div><\/div><\/div><\/div><\/div><\/div><\/section><!-- Row Backgrounds --><div class=\"upb_color\" data-bg-override=\"full\" data-bg-color=\"\" data-fadeout=\"\" data-fadeout-percentage=\"30\" data-parallax-content=\"\" data-parallax-content-sense=\"30\" data-row-effect-mobile-disable=\"true\" data-img-parallax-mobile-disable=\"true\" data-rtl=\"false\"  data-custom-vc-row=\"\"  data-vc=\"6.13.0\"  data-is_old_vc=\"\"  data-theme-support=\"\"   data-overlay=\"false\" data-overlay-color=\"\" data-overlay-pattern=\"\" data-overlay-pattern-opacity=\"\" data-overlay-pattern-size=\"\"    ><\/div><section class=\"l-section wpb_row us_custom_43d86236 height_medium width_full\"><div class=\"l-section-h i-cf\"><div class=\"g-cols vc_row via_flex valign_top type_default stacking_default\"><div class=\"vc_col-sm-12 wpb_column vc_column_container\"><div class=\"vc_column-inner\"><div class=\"wpb_wrapper\"><div class=\"wpb_text_column us_custom_e5e60a76 has_text_color\"><div class=\"wpb_wrapper\"><h1>Servi\u00e7os de Gest\u00e3o de AL\/Alojamento Tempor\u00e1rio<\/h1>\n<\/div><\/div><\/div><\/div><\/div><div class=\"vc_col-sm-6 wpb_column vc_column_container\"><div class=\"vc_column-inner us_custom_c656c915\"><div class=\"wpb_wrapper\"><div class=\"w-image us_custom_0ce5812c align_none\"><div class=\"w-image-h\"><img width=\"600\" height=\"435\" src=\"https:\/\/ericeiraproperty.com\/demo\/wp-content\/uploads\/2023\/07\/closeup-luggage-with-hat-blurred-happy-tourist-woman-background-hotel-after-checkin-1-600x435.png\" class=\"attachment-us_600_0 size-us_600_0\" alt=\"\" decoding=\"async\" loading=\"lazy\" srcset=\"https:\/\/ericeiraproperty.com\/demo\/wp-content\/uploads\/2023\/07\/closeup-luggage-with-hat-blurred-happy-tourist-woman-background-hotel-after-checkin-1-600x435.png 600w, https:\/\/ericeiraproperty.com\/demo\/wp-content\/uploads\/2023\/07\/closeup-luggage-with-hat-blurred-happy-tourist-woman-background-hotel-after-checkin-1-300x218.png 300w, https:\/\/ericeiraproperty.com\/demo\/wp-content\/uploads\/2023\/07\/closeup-luggage-with-hat-blurred-happy-tourist-woman-background-hotel-after-checkin-1.png 620w\" sizes=\"(max-width: 600px) 100vw, 600px\" \/><\/div><\/div><\/div><\/div><\/div><div class=\"vc_col-sm-6 wpb_column vc_column_container\"><div class=\"vc_column-inner us_custom_83e065c2\"><div class=\"wpb_wrapper\"><div class=\"wpb_text_column us_custom_717e6fe1 has_text_color\"><div class=\"wpb_wrapper\"><p>Entradas e Sa\u00eddas<\/p>\n<\/div><\/div><div class=\"wpb_text_column us_custom_e719c70f list-item has_text_color\"><div class=\"wpb_wrapper\"><p>Check-in<\/p>\n<\/div><\/div><div class=\"wpb_text_column us_custom_e719c70f list-item has_text_color\"><div class=\"wpb_wrapper\"><p>Comunica\u00e7\u00e3o ao SEF<\/p>\n<\/div><\/div><div class=\"wpb_text_column us_custom_e719c70f list-item has_text_color\"><div class=\"wpb_wrapper\"><p>Pacotes de boas-vindas<\/p>\n<\/div><\/div><div class=\"wpb_text_column us_custom_e719c70f list-item has_text_color\"><div class=\"wpb_wrapper\"><p>Apoio ao h\u00f3spede 24\/7<\/p>\n<\/div><\/div><div class=\"wpb_text_column us_custom_e719c70f list-item has_text_color\"><div class=\"wpb_wrapper\"><p>Vistoria da casa na sa\u00edda<\/p>\n<\/div><\/div><\/div><\/div><\/div><div class=\"vc_col-sm-6 wpb_column vc_column_container\"><div class=\"vc_column-inner\"><div class=\"wpb_wrapper\"><div class=\"w-image us_custom_0ce5812c align_none\"><div class=\"w-image-h\"><img width=\"600\" height=\"435\" src=\"https:\/\/ericeiraproperty.com\/demo\/wp-content\/uploads\/2023\/07\/person-wearing-protection-gloves-doing-chores-1-600x435.png\" class=\"attachment-us_600_0 size-us_600_0\" alt=\"\" decoding=\"async\" loading=\"lazy\" srcset=\"https:\/\/ericeiraproperty.com\/demo\/wp-content\/uploads\/2023\/07\/person-wearing-protection-gloves-doing-chores-1-600x435.png 600w, https:\/\/ericeiraproperty.com\/demo\/wp-content\/uploads\/2023\/07\/person-wearing-protection-gloves-doing-chores-1-300x218.png 300w, https:\/\/ericeiraproperty.com\/demo\/wp-content\/uploads\/2023\/07\/person-wearing-protection-gloves-doing-chores-1.png 620w\" sizes=\"(max-width: 600px) 100vw, 600px\" \/><\/div><\/div><\/div><\/div><\/div><div class=\"vc_col-sm-6 wpb_column vc_column_container\"><div class=\"vc_column-inner us_custom_73083949\"><div class=\"wpb_wrapper\"><div class=\"wpb_text_column us_custom_717e6fe1 has_text_color\"><div class=\"wpb_wrapper\"><p>Limpeza e Manuten\u00e7\u00e3o<\/p>\n<\/div><\/div><div class=\"wpb_text_column us_custom_e719c70f list-item has_text_color\"><div class=\"wpb_wrapper\"><p>Fornecimento e troca de roupa de cama e de banho<\/p>\n<\/div><\/div><div class=\"wpb_text_column us_custom_e719c70f list-item has_text_color\"><div class=\"wpb_wrapper\"><p>Limpeza e lavandaria<\/p>\n<\/div><\/div><div class=\"wpb_text_column us_custom_e719c70f list-item has_text_color\"><div class=\"wpb_wrapper\"><p>Servi\u00e7os de manuten\u00e7\u00e3o<\/p>\n<\/div><\/div><\/div><\/div><\/div><\/div><\/div><\/section><section class=\"l-section wpb_row us_custom_54af2d5f height_medium width_full\"><div class=\"l-section-h i-cf\"><div class=\"g-cols vc_row via_flex valign_top type_default stacking_default\"><div class=\"vc_col-sm-4\/5 wpb_column vc_column_container\"><div class=\"vc_column-inner us_custom_92db638a\"><div class=\"vc_column-overlay\" style=\"background:#cbb062\"><\/div><div class=\"wpb_wrapper\"><div class=\"wpb_text_column us_custom_eeb3f56b\"><div class=\"wpb_wrapper\"><p><span style=\"color: #ffffff; font-size: 20px;\">Tem alguma quest\u00e3o? Entre em contacto connosco para esclarecer as suas quest\u00f5es.<\/span><\/p>\n<\/div><\/div><\/div><\/div><\/div><div class=\"vc_col-sm-1\/5 wpb_column vc_column_container btn-contacto\"><div class=\"vc_column-inner\"><div class=\"vc_column-overlay\" style=\"background:#cbb062\"><\/div><div class=\"wpb_wrapper\"><div class=\"w-btn-wrapper align_center\"><a class=\"w-btn us-btn-style_4 us_custom_81bd30f0\" title=\"Contactos\" href=\"https:\/\/ericeiraproperty.com\/demo\/contactos-2\/\"><span class=\"w-btn-label\">Contacte-nos<\/span><\/a><\/div><\/div><\/div><\/div><\/div><\/div><\/section><section class=\"l-section wpb_row us_custom_6ff22ccf height_medium width_full\"><div class=\"l-section-h i-cf\"><div class=\"g-cols vc_row via_flex valign_top type_default stacking_default\"><div class=\"vc_col-sm-4 wpb_column vc_column_container\"><div class=\"vc_column-inner us_custom_aa92d13c\"><div class=\"wpb_wrapper\"><div class=\"w-image us_custom_809e3cd3 align_none\"><div class=\"w-image-h\"><img width=\"300\" height=\"80\" src=\"https:\/\/ericeiraproperty.com\/demo\/wp-content\/uploads\/2018\/10\/logosite-300x80.png\" class=\"attachment-medium size-medium\" alt=\"\" decoding=\"async\" loading=\"lazy\" srcset=\"https:\/\/ericeiraproperty.com\/demo\/wp-content\/uploads\/2018\/10\/logosite-300x80.png 300w, https:\/\/ericeiraproperty.com\/demo\/wp-content\/uploads\/2018\/10\/logosite.png 500w\" sizes=\"(max-width: 300px) 100vw, 300px\" \/><\/div><\/div><\/div><\/div><\/div><div class=\"vc_col-sm-2 wpb_column vc_column_container\"><div class=\"vc_column-inner us_custom_aa92d13c\"><div class=\"wpb_wrapper\"><div class=\"wpb_text_column\"><div class=\"wpb_wrapper\"><p style=\"font-size: 20px; font-weight: 500;\">Menu<\/p>\n<p><a style=\"text-decoration: none; color: #333333;\" href=\"https:\/\/ericeiraproperty.com\/demo\/alojamentos\/\">Alojamentos<\/a><br \/>\n<a style=\"text-decoration: none; color: #333333;\" href=\"https:\/\/ericeiraproperty.com\/demo\/sea-hills-residence\/\">Im\u00f3veis para venda<\/a><br \/>\n<a style=\"text-decoration: none; color: #333333;\" href=\"https:\/\/ericeiraproperty.com\/demo\/home-styling\/\">Home Styling<\/a><br \/>\n<a style=\"text-decoration: none; color: #333333;\" href=\"https:\/\/ericeiraproperty.com\/demo\/contactos-2\/\">Contactos<\/a><\/p>\n<\/div><\/div><\/div><\/div><\/div><div class=\"vc_col-sm-3 wpb_column vc_column_container\"><div class=\"vc_column-inner us_custom_aa92d13c\"><div class=\"wpb_wrapper\"><div class=\"wpb_text_column\"><div class=\"wpb_wrapper\"><p style=\"font-size: 20px; font-weight: 500;\">Gest\u00e3o de Propriedades<\/p>\n<p><a style=\"text-decoration: none; color: #333333;\" href=\"https:\/\/ericeiraproperty.com\/demo\/gestao-de-arrendamento-anual\/\">Gest\u00e3o de Arrendamento Anual<\/a><br \/>\n<a style=\"text-decoration: none; color: #333333;\" href=\"https:\/\/ericeiraproperty.com\/demo\/alojamento-local-alojamento-temporario\/\">Alojamento Local\/Alojamento Tempor\u00e1rio<\/a><br \/>\n<a style=\"text-decoration: none; color: #333333;\" href=\"https:\/\/ericeiraproperty.com\/demo\/management-concierge\/\">Management &amp; Concierge<\/a><\/p>\n<\/div><\/div><\/div><\/div><\/div><div class=\"vc_col-sm-3 wpb_column vc_column_container\"><div class=\"vc_column-inner us_custom_aa92d13c\"><div class=\"wpb_wrapper\"><div class=\"wpb_text_column\"><div class=\"wpb_wrapper\"><p style=\"font-size: 20px; font-weight: 500;\">Contactos<\/p>\n<p>management@ericeiraproperty.com<br \/>\n+351 919 139 080 (Custo de chamada para rede m\u00f3vel)<br \/>\nRua Prud\u00eancio Franco da Trindade, n\u00ba 4<br \/>\n2655-344 Ericeira<\/p>\n<\/div><\/div><div class=\"w-socials color_brand shape_square style_default hover_fade\"><div class=\"w-socials-list\"><div class=\"w-socials-item facebook\"><a class=\"w-socials-item-link\" href=\"#\" target=\"_blank\" rel=\"noopener nofollow\" title=\"Facebook\" aria-label=\"Facebook\"><span class=\"w-socials-item-link-hover\"><\/span><i class=\"fab fa-facebook\"><\/i><\/a><div class=\"w-socials-item-popup\"><span>Facebook<\/span><\/div><\/div><div class=\"w-socials-item instagram\"><a class=\"w-socials-item-link\" href=\"#\" target=\"_blank\" rel=\"noopener nofollow\" title=\"Instagram\" aria-label=\"Instagram\"><span class=\"w-socials-item-link-hover\"><\/span><i class=\"fab fa-instagram\"><\/i><\/a><div class=\"w-socials-item-popup\"><span>Instagram<\/span><\/div><\/div><\/div><\/div><\/div><\/div><\/div><div class=\"vc_col-sm-12 wpb_column vc_column_container\"><div class=\"vc_column-inner us_custom_49e78e38\"><div class=\"wpb_wrapper\"><div class=\"wpb_text_column us_custom_eb849559\"><div class=\"wpb_wrapper\"><p>\u00a9 2023 Ericeira Property \u2013 Developed by: Ag\u00eancia da Marca \u2013 Marketing Digital, Design e Comunica\u00e7\u00e3o.<\/p>\n<\/div><\/div><\/div><\/div><\/div><\/div><\/div><\/section>\n","protected":false},"excerpt":{"rendered":"Alojamento Local\/Alojamento Tempor\u00e1rio Para rentabilizar a sua casa, ter rendimento quando n\u00e3o est\u00e1 a us\u00e1-la, temos v\u00e1rias solu\u00e7\u00f5es que podem ir do alojamento local, ao alojamento tempor\u00e1rio, tendo por princ\u00edpio a rentabilidade m\u00e1xima, sempre com o cuidado da manuten\u00e7\u00e3o da propriedade. Somos todos donos da experi\u00eancia de cliente. Cada um de n\u00f3s \u00e9 respons\u00e1vel por...","protected":false},"author":2,"featured_media":0,"parent":0,"menu_order":0,"comment_status":"closed","ping_status":"closed","template":"","meta":[],"yoast_head":"<!-- This site is optimized with the Yoast SEO plugin v16.0.2 - https:\/\/yoast.com\/wordpress\/plugins\/seo\/ -->\n<title>Alojamento Local\/Alojamento Tempor\u00e1rio - Demo - Ericeira Property<\/title>\n<link rel=\"canonical\" href=\"https:\/\/ericeiraproperty.com\/demo\/alojamento-local-alojamento-temporario\/\" \/>\n<meta property=\"og:locale\" content=\"pt_PT\" \/>\n<meta property=\"og:type\" content=\"article\" \/>\n<meta property=\"og:title\" content=\"Alojamento Local\/Alojamento Tempor\u00e1rio - Demo - Ericeira Property\" \/>\n<meta property=\"og:url\" content=\"https:\/\/ericeiraproperty.com\/demo\/alojamento-local-alojamento-temporario\/\" \/>\n<meta property=\"og:site_name\" content=\"Demo - Ericeira Property\" \/>\n<meta name=\"twitter:card\" content=\"summary_large_image\" \/>\n<meta name=\"twitter:label1\" content=\"Tempo estimado de leitura\">\n\t<meta name=\"twitter:data1\" content=\"2 minutes\">\n<script type=\"application\/ld+json\" class=\"yoast-schema-graph\">{\"@context\":\"https:\/\/schema.org\",\"@graph\":[{\"@type\":\"WebSite\",\"@id\":\"https:\/\/ericeiraproperty.com\/demo\/#website\",\"url\":\"https:\/\/ericeiraproperty.com\/demo\/\",\"name\":\"Demo - Ericeira Property\",\"description\":\"Ericeira Property\",\"potentialAction\":[{\"@type\":\"SearchAction\",\"target\":\"https:\/\/ericeiraproperty.com\/demo\/?s={search_term_string}\",\"query-input\":\"required name=search_term_string\"}],\"inLanguage\":\"pt-PT\"},{\"@type\":\"WebPage\",\"@id\":\"https:\/\/ericeiraproperty.com\/demo\/alojamento-local-alojamento-temporario\/#webpage\",\"url\":\"https:\/\/ericeiraproperty.com\/demo\/alojamento-local-alojamento-temporario\/\",\"name\":\"Alojamento Local\/Alojamento Tempor\\u00e1rio - Demo - Ericeira Property\",\"isPartOf\":{\"@id\":\"https:\/\/ericeiraproperty.com\/demo\/#website\"},\"datePublished\":\"2023-11-17T11:44:28+00:00\",\"dateModified\":\"2023-11-17T11:44:28+00:00\",\"breadcrumb\":{\"@id\":\"https:\/\/ericeiraproperty.com\/demo\/alojamento-local-alojamento-temporario\/#breadcrumb\"},\"inLanguage\":\"pt-PT\",\"potentialAction\":[{\"@type\":\"ReadAction\",\"target\":[\"https:\/\/ericeiraproperty.com\/demo\/alojamento-local-alojamento-temporario\/\"]}]},{\"@type\":\"BreadcrumbList\",\"@id\":\"https:\/\/ericeiraproperty.com\/demo\/alojamento-local-alojamento-temporario\/#breadcrumb\",\"itemListElement\":[{\"@type\":\"ListItem\",\"position\":1,\"item\":{\"@type\":\"WebPage\",\"@id\":\"https:\/\/ericeiraproperty.com\/demo\/de\/homepage\/\",\"url\":\"https:\/\/ericeiraproperty.com\/demo\/de\/homepage\/\",\"name\":\"In\\u00edcio\"}},{\"@type\":\"ListItem\",\"position\":2,\"item\":{\"@type\":\"WebPage\",\"@id\":\"https:\/\/ericeiraproperty.com\/demo\/alojamento-local-alojamento-temporario\/\",\"url\":\"https:\/\/ericeiraproperty.com\/demo\/alojamento-local-alojamento-temporario\/\",\"name\":\"Alojamento Local\/Alojamento Tempor\\u00e1rio\"}}]}]}<\/script>\n<!-- \/ Yoast SEO plugin. -->","_links":{"self":[{"href":"https:\/\/ericeiraproperty.com\/demo\/wp-json\/wp\/v2\/pages\/9054"}],"collection":[{"href":"https:\/\/ericeiraproperty.com\/demo\/wp-json\/wp\/v2\/pages"}],"about":[{"href":"https:\/\/ericeiraproperty.com\/demo\/wp-json\/wp\/v2\/types\/page"}],"author":[{"embeddable":true,"href":"https:\/\/ericeiraproperty.com\/demo\/wp-json\/wp\/v2\/users\/2"}],"replies":[{"embeddable":true,"href":"https:\/\/ericeiraproperty.com\/demo\/wp-json\/wp\/v2\/comments?post=9054"}],"version-history":[{"count":1,"href":"https:\/\/ericeiraproperty.com\/demo\/wp-json\/wp\/v2\/pages\/9054\/revisions"}],"predecessor-version":[{"id":9060,"href":"https:\/\/ericeiraproperty.com\/demo\/wp-json\/wp\/v2\/pages\/9054\/revisions\/9060"}],"wp:attachment":[{"href":"https:\/\/ericeiraproperty.com\/demo\/wp-json\/wp\/v2\/media?parent=9054"}],"curies":[{"name":"wp","href":"https:\/\/api.w.org\/{rel}","templated":true}]}}