{"id":9055,"date":"2023-11-17T11:36:49","date_gmt":"2023-11-17T11:36:49","guid":{"rendered":"https:\/\/ericeiraproperty.com\/demo\/?page_id=9055"},"modified":"2023-11-17T21:37:08","modified_gmt":"2023-11-17T21:37:08","slug":"lokale-unterk-unft-voruebergehende-unterbringung","status":"publish","type":"page","link":"https:\/\/ericeiraproperty.com\/demo\/de\/lokale-unterk-unft-voruebergehende-unterbringung\/","title":{"rendered":"Lokale Unterk unft \/Vor\u00fcbergehende Unterbringung"},"content":{"rendered":"<section class=\"l-section wpb_row us_custom_bb30bb90 height_medium width_full with_img\"><div class=\"l-section-img\" data-img-width=\"1440\" data-img-height=\"460\" style=\"background-image: url(https:\/\/ericeiraproperty.com\/demo\/wp-content\/uploads\/2023\/07\/banner-aloj-local.png);\"><\/div><div class=\"l-section-h i-cf\"><div class=\"g-cols vc_row via_flex valign_top type_default stacking_default\"><div class=\"vc_col-sm-12 wpb_column vc_column_container\"><div class=\"vc_column-inner\"><div class=\"wpb_wrapper\"><div class=\"wpb_text_column us_custom_bc72ab76 has_text_color\"><div class=\"wpb_wrapper\"><p>Lokale Unterk unft\/Vor\u00fcbergehende Unterbringung<\/p>\n<\/div><\/div><\/div><\/div><\/div><\/div><\/div><\/section><section class=\"l-section wpb_row us_custom_c7df960f height_medium width_full\"><div class=\"l-section-h i-cf\"><div class=\"g-cols vc_row via_flex valign_top type_default stacking_default\"><div class=\"vc_col-sm-12 wpb_column vc_column_container\"><div class=\"vc_column-inner\"><div class=\"wpb_wrapper\"><div class=\"wpb_text_column us_custom_8d5e78d7 has_text_color\"><div class=\"wpb_wrapper\"><p>Wir haben verschiedene M\u00f6glichkeiten, Ihr Haus in Portual zu monetarisieren, wenn Sie es nicht nutzen.\u00a0 Vom langfristigen bis hin zu kurzfristigen Mietvertr\u00e4gen k\u00f6nnen alle profitieren, solange ihr Eigentum sorgf\u00e4ltig gewartet wird.<\/p>\n<p>Alle Mitglieder unseres Teams sind f\u00fcr die Qualit\u00e4t des Kundenerlebnisses verantwortlich. Jeder von uns sorgt daf\u00fcr, einen Kundenservice anzubieten, der die Erwartungen \u00fcbertrifft und die Kundenerfahrung maximiert. Unser Ziel ist Exzellenz. Ob Sie Unterst\u00fctzung bei der Verwaltung ihres Hauses oder Beratung ben\u00f6tigen, um das Beste aus Ihrer Immobilie herauszuholen, wir kennen Ericeira in- und auswendig.<\/p>\n<\/div><\/div><\/div><\/div><\/div><\/div><\/div><\/section><!-- Row Backgrounds --><div class=\"upb_color\" data-bg-override=\"full\" data-bg-color=\"#cbb062\" data-fadeout=\"\" data-fadeout-percentage=\"30\" data-parallax-content=\"\" data-parallax-content-sense=\"30\" data-row-effect-mobile-disable=\"true\" data-img-parallax-mobile-disable=\"true\" data-rtl=\"false\"  data-custom-vc-row=\"\"  data-vc=\"6.13.0\"  data-is_old_vc=\"\"  data-theme-support=\"\"   data-overlay=\"false\" data-overlay-color=\"\" data-overlay-pattern=\"\" data-overlay-pattern-opacity=\"\" data-overlay-pattern-size=\"\"    ><\/div><section class=\"l-section wpb_row us_custom_7d08b313 height_medium width_full\"><div class=\"l-section-h i-cf\"><div class=\"g-cols vc_row via_flex valign_top type_default stacking_default\"><div class=\"vc_col-sm-12 wpb_column vc_column_container\"><div class=\"vc_column-inner\"><div class=\"wpb_wrapper\"><div class=\"wpb_text_column us_custom_e5e60a76 has_text_color\"><div class=\"wpb_wrapper\"><h1 id=\"sevpg\">Vorbereitende Dienstleistungen f\u00fcr lokale Beherbergungsvertr\u00e4ge<\/h1>\n<h3>(Legalisierung\/Vorbereitung der Immobilie)<\/h3>\n<\/div><\/div><div class=\"g-cols wpb_row us_custom_410d679f via_flex valign_top type_default stacking_default\"><div class=\"vc_col-sm-6 wpb_column vc_column_container\"><div class=\"vc_column-inner\"><div class=\"wpb_wrapper\"><div class=\"wpb_text_column us_custom_fc18fc04 list-item\"><div class=\"wpb_wrapper\"><p>Forschung des Marktes<\/p>\n<\/div><\/div><div class=\"wpb_text_column us_custom_fc18fc04 list-item\"><div class=\"wpb_wrapper\"><p>Registrierung f\u00fcr Beherbergungsvertr\u00e4ge<\/p>\n<\/div><\/div><div class=\"wpb_text_column us_custom_fc18fc04 list-item\"><div class=\"wpb_wrapper\"><p>Inventarisierung und Beschaffung der f\u00fcr die notwendigen Ger\u00e4te des Hauses<\/p>\n<\/div><\/div><\/div><\/div><\/div><div class=\"vc_col-sm-6 wpb_column vc_column_container\"><div class=\"vc_column-inner\"><div class=\"wpb_wrapper\"><div class=\"wpb_text_column us_custom_fc18fc04 list-item\"><div class=\"wpb_wrapper\"><p>Die Einrichtung und Organisation ihrer Wohnung<\/p>\n<\/div><\/div><div class=\"wpb_text_column us_custom_fc18fc04 list-item\"><div class=\"wpb_wrapper\"><p>Vorbereitung auf Hausbesichtigungen<\/p>\n<\/div><\/div><div class=\"wpb_text_column us_custom_fc18fc04 list-item\"><div class=\"wpb_wrapper\"><p>Fotoreportage<\/p>\n<\/div><\/div><\/div><\/div><\/div><\/div><\/div><\/div><\/div><\/div><\/div><\/section><!-- Row Backgrounds --><div class=\"upb_color\" data-bg-override=\"full\" data-bg-color=\"\" data-fadeout=\"\" data-fadeout-percentage=\"30\" data-parallax-content=\"\" data-parallax-content-sense=\"30\" data-row-effect-mobile-disable=\"true\" data-img-parallax-mobile-disable=\"true\" data-rtl=\"false\"  data-custom-vc-row=\"\"  data-vc=\"6.13.0\"  data-is_old_vc=\"\"  data-theme-support=\"\"   data-overlay=\"false\" data-overlay-color=\"\" data-overlay-pattern=\"\" data-overlay-pattern-opacity=\"\" data-overlay-pattern-size=\"\"    ><\/div><section class=\"l-section wpb_row us_custom_43d86236 height_medium width_full\"><div class=\"l-section-h i-cf\"><div class=\"g-cols vc_row via_flex valign_top type_default stacking_default\"><div class=\"vc_col-sm-12 wpb_column vc_column_container\"><div class=\"vc_column-inner\"><div class=\"wpb_wrapper\"><div class=\"wpb_text_column us_custom_e5e60a76 has_text_color\"><div class=\"wpb_wrapper\"><h1>Unterkunftsverwaltung\/Kurzfristige Vermietungen<\/h1>\n<\/div><\/div><\/div><\/div><\/div><div class=\"vc_col-sm-6 wpb_column vc_column_container\"><div class=\"vc_column-inner us_custom_c656c915\"><div class=\"wpb_wrapper\"><div class=\"w-image us_custom_0ce5812c align_none\"><div class=\"w-image-h\"><img width=\"600\" height=\"435\" src=\"https:\/\/ericeiraproperty.com\/demo\/wp-content\/uploads\/2023\/07\/closeup-luggage-with-hat-blurred-happy-tourist-woman-background-hotel-after-checkin-1-600x435.png\" class=\"attachment-us_600_0 size-us_600_0\" alt=\"\" decoding=\"async\" loading=\"lazy\" srcset=\"https:\/\/ericeiraproperty.com\/demo\/wp-content\/uploads\/2023\/07\/closeup-luggage-with-hat-blurred-happy-tourist-woman-background-hotel-after-checkin-1-600x435.png 600w, https:\/\/ericeiraproperty.com\/demo\/wp-content\/uploads\/2023\/07\/closeup-luggage-with-hat-blurred-happy-tourist-woman-background-hotel-after-checkin-1-300x218.png 300w, https:\/\/ericeiraproperty.com\/demo\/wp-content\/uploads\/2023\/07\/closeup-luggage-with-hat-blurred-happy-tourist-woman-background-hotel-after-checkin-1.png 620w\" sizes=\"(max-width: 600px) 100vw, 600px\" \/><\/div><\/div><\/div><\/div><\/div><div class=\"vc_col-sm-6 wpb_column vc_column_container\"><div class=\"vc_column-inner us_custom_83e065c2\"><div class=\"wpb_wrapper\"><div class=\"wpb_text_column us_custom_717e6fe1 has_text_color\"><div class=\"wpb_wrapper\"><p>Empfang und Check-out<\/p>\n<\/div><\/div><div class=\"wpb_text_column us_custom_e719c70f list-item has_text_color\"><div class=\"wpb_wrapper\"><p>Check-in<\/p>\n<\/div><\/div><div class=\"wpb_text_column us_custom_e719c70f list-item has_text_color\"><div class=\"wpb_wrapper\"><p>Mitteilung an die SEF (Ausl\u00e4nder- und grenzdienst)<\/p>\n<\/div><\/div><div class=\"wpb_text_column us_custom_e719c70f list-item has_text_color\"><div class=\"wpb_wrapper\"><p>Willkommenspakete<\/p>\n<\/div><\/div><div class=\"wpb_text_column us_custom_e719c70f list-item has_text_color\"><div class=\"wpb_wrapper\"><p>24\/7 G\u00e4stebetreuung<\/p>\n<\/div><\/div><div class=\"wpb_text_column us_custom_e719c70f list-item has_text_color\"><div class=\"wpb_wrapper\"><p>Hausinspektion bei Abreise der G\u00e4ste<\/p>\n<\/div><\/div><\/div><\/div><\/div><div class=\"vc_col-sm-6 wpb_column vc_column_container\"><div class=\"vc_column-inner\"><div class=\"wpb_wrapper\"><div class=\"w-image us_custom_0ce5812c align_none\"><div class=\"w-image-h\"><img width=\"600\" height=\"435\" src=\"https:\/\/ericeiraproperty.com\/demo\/wp-content\/uploads\/2023\/07\/person-wearing-protection-gloves-doing-chores-1-600x435.png\" class=\"attachment-us_600_0 size-us_600_0\" alt=\"\" decoding=\"async\" loading=\"lazy\" srcset=\"https:\/\/ericeiraproperty.com\/demo\/wp-content\/uploads\/2023\/07\/person-wearing-protection-gloves-doing-chores-1-600x435.png 600w, https:\/\/ericeiraproperty.com\/demo\/wp-content\/uploads\/2023\/07\/person-wearing-protection-gloves-doing-chores-1-300x218.png 300w, https:\/\/ericeiraproperty.com\/demo\/wp-content\/uploads\/2023\/07\/person-wearing-protection-gloves-doing-chores-1.png 620w\" sizes=\"(max-width: 600px) 100vw, 600px\" \/><\/div><\/div><\/div><\/div><\/div><div class=\"vc_col-sm-6 wpb_column vc_column_container\"><div class=\"vc_column-inner us_custom_73083949\"><div class=\"wpb_wrapper\"><div class=\"wpb_text_column us_custom_717e6fe1 has_text_color\"><div class=\"wpb_wrapper\"><p>Reinigung und Wartung<\/p>\n<\/div><\/div><div class=\"wpb_text_column us_custom_e719c70f list-item has_text_color\"><div class=\"wpb_wrapper\"><p>Lieferung und Austausch von Bett- und Badw\u00e4sche<\/p>\n<\/div><\/div><div class=\"wpb_text_column us_custom_e719c70f list-item has_text_color\"><div class=\"wpb_wrapper\"><p>Reinigung und W\u00e4scherei<\/p>\n<\/div><\/div><div class=\"wpb_text_column us_custom_e719c70f list-item has_text_color\"><div class=\"wpb_wrapper\"><p>Wartungsdienstleistungen<\/p>\n<\/div><\/div><\/div><\/div><\/div><\/div><\/div><\/section><section class=\"l-section wpb_row us_custom_54af2d5f height_medium width_full\"><div class=\"l-section-h i-cf\"><div class=\"g-cols vc_row via_flex valign_top type_default stacking_default\"><div class=\"vc_col-sm-4\/5 wpb_column vc_column_container\"><div class=\"vc_column-inner us_custom_92db638a\"><div class=\"vc_column-overlay\" style=\"background:#cbb062\"><\/div><div class=\"wpb_wrapper\"><div class=\"wpb_text_column us_custom_eeb3f56b\"><div class=\"wpb_wrapper\"><p><span style=\"color: #ffffff; font-size: 20px;\">Haben Sie Fragen? Bitte kontaktieren Sie uns, um Ihre Fragen zu kl\u00e4ren.<\/span><\/p>\n<\/div><\/div><\/div><\/div><\/div><div class=\"vc_col-sm-1\/5 wpb_column vc_column_container btn-contacto\"><div class=\"vc_column-inner\"><div class=\"vc_column-overlay\" style=\"background:#cbb062\"><\/div><div class=\"wpb_wrapper\"><div class=\"w-btn-wrapper align_center\"><a class=\"w-btn us-btn-style_4 us_custom_81bd30f0\" title=\"Contactos\" href=\"https:\/\/ericeiraproperty.com\/demo\/de\/kontakte\/\"><span class=\"w-btn-label\">Kontaktieren Sie uns<\/span><\/a><\/div><\/div><\/div><\/div><\/div><\/div><\/section>\n","protected":false},"excerpt":{"rendered":"Lokale Unterk unft\/Vor\u00fcbergehende Unterbringung Wir haben verschiedene M\u00f6glichkeiten, Ihr Haus in Portual zu monetarisieren, wenn Sie es nicht nutzen.\u00a0 Vom langfristigen bis hin zu kurzfristigen Mietvertr\u00e4gen k\u00f6nnen alle profitieren, solange ihr Eigentum sorgf\u00e4ltig gewartet wird. Alle Mitglieder unseres Teams sind f\u00fcr die Qualit\u00e4t des Kundenerlebnisses verantwortlich. Jeder von uns sorgt daf\u00fcr, einen Kundenservice anzubieten, der...","protected":false},"author":2,"featured_media":0,"parent":0,"menu_order":0,"comment_status":"closed","ping_status":"closed","template":"","meta":[],"yoast_head":"<!-- This site is optimized with the Yoast SEO plugin v16.0.2 - https:\/\/yoast.com\/wordpress\/plugins\/seo\/ -->\n<title>Lokale Unterk unft \/Vor\u00fcbergehende Unterbringung - Demo - Ericeira Property<\/title>\n<link rel=\"canonical\" href=\"https:\/\/ericeiraproperty.com\/demo\/de\/lokale-unterk-unft-voruebergehende-unterbringung\/\" \/>\n<meta property=\"og:locale\" content=\"pt_PT\" \/>\n<meta property=\"og:type\" content=\"article\" \/>\n<meta property=\"og:title\" content=\"Lokale Unterk unft \/Vor\u00fcbergehende Unterbringung - Demo - Ericeira Property\" \/>\n<meta property=\"og:url\" content=\"https:\/\/ericeiraproperty.com\/demo\/de\/lokale-unterk-unft-voruebergehende-unterbringung\/\" \/>\n<meta property=\"og:site_name\" content=\"Demo - Ericeira Property\" \/>\n<meta property=\"article:modified_time\" content=\"2023-11-17T21:37:08+00:00\" \/>\n<meta name=\"twitter:card\" content=\"summary_large_image\" \/>\n<meta name=\"twitter:label1\" content=\"Tempo estimado de leitura\">\n\t<meta name=\"twitter:data1\" content=\"2 minutes\">\n<script type=\"application\/ld+json\" class=\"yoast-schema-graph\">{\"@context\":\"https:\/\/schema.org\",\"@graph\":[{\"@type\":\"WebSite\",\"@id\":\"https:\/\/ericeiraproperty.com\/demo\/#website\",\"url\":\"https:\/\/ericeiraproperty.com\/demo\/\",\"name\":\"Demo - Ericeira Property\",\"description\":\"Ericeira Property\",\"potentialAction\":[{\"@type\":\"SearchAction\",\"target\":\"https:\/\/ericeiraproperty.com\/demo\/?s={search_term_string}\",\"query-input\":\"required name=search_term_string\"}],\"inLanguage\":\"pt-PT\"},{\"@type\":\"WebPage\",\"@id\":\"https:\/\/ericeiraproperty.com\/demo\/de\/lokale-unterk-unft-voruebergehende-unterbringung\/#webpage\",\"url\":\"https:\/\/ericeiraproperty.com\/demo\/de\/lokale-unterk-unft-voruebergehende-unterbringung\/\",\"name\":\"Lokale Unterk unft \/Vor\\u00fcbergehende Unterbringung - Demo - Ericeira Property\",\"isPartOf\":{\"@id\":\"https:\/\/ericeiraproperty.com\/demo\/#website\"},\"datePublished\":\"2023-11-17T11:36:49+00:00\",\"dateModified\":\"2023-11-17T21:37:08+00:00\",\"breadcrumb\":{\"@id\":\"https:\/\/ericeiraproperty.com\/demo\/de\/lokale-unterk-unft-voruebergehende-unterbringung\/#breadcrumb\"},\"inLanguage\":\"pt-PT\",\"potentialAction\":[{\"@type\":\"ReadAction\",\"target\":[\"https:\/\/ericeiraproperty.com\/demo\/de\/lokale-unterk-unft-voruebergehende-unterbringung\/\"]}]},{\"@type\":\"BreadcrumbList\",\"@id\":\"https:\/\/ericeiraproperty.com\/demo\/de\/lokale-unterk-unft-voruebergehende-unterbringung\/#breadcrumb\",\"itemListElement\":[{\"@type\":\"ListItem\",\"position\":1,\"item\":{\"@type\":\"WebPage\",\"@id\":\"https:\/\/ericeiraproperty.com\/demo\/de\/homepage\/\",\"url\":\"https:\/\/ericeiraproperty.com\/demo\/de\/homepage\/\",\"name\":\"In\\u00edcio\"}},{\"@type\":\"ListItem\",\"position\":2,\"item\":{\"@type\":\"WebPage\",\"@id\":\"https:\/\/ericeiraproperty.com\/demo\/de\/lokale-unterk-unft-voruebergehende-unterbringung\/\",\"url\":\"https:\/\/ericeiraproperty.com\/demo\/de\/lokale-unterk-unft-voruebergehende-unterbringung\/\",\"name\":\"Lokale Unterk unft \/Vor\\u00fcbergehende Unterbringung\"}}]}]}<\/script>\n<!-- \/ Yoast SEO plugin. -->","_links":{"self":[{"href":"https:\/\/ericeiraproperty.com\/demo\/wp-json\/wp\/v2\/pages\/9055"}],"collection":[{"href":"https:\/\/ericeiraproperty.com\/demo\/wp-json\/wp\/v2\/pages"}],"about":[{"href":"https:\/\/ericeiraproperty.com\/demo\/wp-json\/wp\/v2\/types\/page"}],"author":[{"embeddable":true,"href":"https:\/\/ericeiraproperty.com\/demo\/wp-json\/wp\/v2\/users\/2"}],"replies":[{"embeddable":true,"href":"https:\/\/ericeiraproperty.com\/demo\/wp-json\/wp\/v2\/comments?post=9055"}],"version-history":[{"count":7,"href":"https:\/\/ericeiraproperty.com\/demo\/wp-json\/wp\/v2\/pages\/9055\/revisions"}],"predecessor-version":[{"id":9211,"href":"https:\/\/ericeiraproperty.com\/demo\/wp-json\/wp\/v2\/pages\/9055\/revisions\/9211"}],"wp:attachment":[{"href":"https:\/\/ericeiraproperty.com\/demo\/wp-json\/wp\/v2\/media?parent=9055"}],"curies":[{"name":"wp","href":"https:\/\/api.w.org\/{rel}","templated":true}]}}