{"id":9064,"date":"2023-11-17T12:06:55","date_gmt":"2023-11-17T12:06:55","guid":{"rendered":"https:\/\/ericeiraproperty.com\/demo\/?page_id=9064"},"modified":"2023-11-17T21:36:05","modified_gmt":"2023-11-17T21:36:05","slug":"home-styling-2","status":"publish","type":"page","link":"https:\/\/ericeiraproperty.com\/demo\/de\/home-styling-2\/","title":{"rendered":"Home Styling"},"content":{"rendered":"<section class=\"l-section wpb_row us_custom_a6098cce height_medium\"><div class=\"l-section-h i-cf\"><div class=\"g-cols vc_row via_flex valign_top type_default stacking_default\"><div class=\"vc_col-sm-12 wpb_column vc_column_container\"><div class=\"vc_column-inner us_custom_e22804cd\"><div class=\"wpb_wrapper\"><div class=\"wpb_text_column us_custom_bc72ab76 has_text_color\"><div class=\"wpb_wrapper\"><p>Home Styling<\/p>\n<\/div><\/div><\/div><\/div><\/div><\/div><\/div><\/section><!-- Row Backgrounds --><section class=\"l-section wpb_row us_custom_c7df960f height_medium width_full\"><div class=\"l-section-h i-cf\"><div class=\"g-cols vc_row via_flex valign_top type_default stacking_default\"><div class=\"vc_col-sm-12 wpb_column vc_column_container\"><div class=\"vc_column-inner\"><div class=\"wpb_wrapper\"><div class=\"wpb_text_column us_custom_8d5e78d7 has_text_color\"><div class=\"wpb_wrapper\"><p>Wir stellen die besten Optionen und Angebote f\u00fcr die Dekoration und Organisation ihrer Wohnung vor. Wir erstellen mit innovativen Ideen die besten L\u00f6sungen und Trends der Dekoration f\u00fcr Ihre Wohnung, ohne dabei die praktische, \u00e4sthetische oder harmonische Seite der Ausgewogenheit Ihres Hauses zu beeintr\u00e4chtigen. Sei es f\u00fcr eine lokale Unterkunft, eine vor\u00fcbergehende Vermietung, eine eigene Wohnung oder sogar den Verkauf. Mit kontrollierten Kosten und garantierten Fristen erhalten auf diese Weise das Haus, von dem Sie schon immer getr\u00e4umt haben.<\/p>\n<\/div><\/div><\/div><\/div><\/div><\/div><\/div><\/section><!-- Row Backgrounds --><div class=\"upb_color\" data-bg-override=\"full\" data-bg-color=\"#cbb062\" data-fadeout=\"\" data-fadeout-percentage=\"30\" data-parallax-content=\"\" data-parallax-content-sense=\"30\" data-row-effect-mobile-disable=\"true\" data-img-parallax-mobile-disable=\"true\" data-rtl=\"false\"  data-custom-vc-row=\"\"  data-vc=\"6.13.0\"  data-is_old_vc=\"\"  data-theme-support=\"\"   data-overlay=\"false\" data-overlay-color=\"\" data-overlay-pattern=\"\" data-overlay-pattern-opacity=\"\" data-overlay-pattern-size=\"\"    ><\/div><section class=\"l-section wpb_row us_custom_609cbe84 height_medium width_full\"><div class=\"l-section-h i-cf\"><div class=\"g-cols vc_row via_flex valign_top type_default stacking_default\"><div class=\"vc_col-sm-4 wpb_column vc_column_container\"><div class=\"vc_column-inner\"><div class=\"wpb_wrapper\"><div class=\"w-image align_none\"><div class=\"w-image-h\"><img width=\"2000\" height=\"1333\" src=\"https:\/\/ericeiraproperty.com\/demo\/wp-content\/uploads\/2023\/07\/homestyling-organizer.png\" class=\"attachment-full size-full\" alt=\"\" decoding=\"async\" loading=\"lazy\" srcset=\"https:\/\/ericeiraproperty.com\/demo\/wp-content\/uploads\/2023\/07\/homestyling-organizer.png 2000w, https:\/\/ericeiraproperty.com\/demo\/wp-content\/uploads\/2023\/07\/homestyling-organizer-300x200.png 300w, https:\/\/ericeiraproperty.com\/demo\/wp-content\/uploads\/2023\/07\/homestyling-organizer-1024x682.png 1024w, https:\/\/ericeiraproperty.com\/demo\/wp-content\/uploads\/2023\/07\/homestyling-organizer-600x400.png 600w\" sizes=\"(max-width: 2000px) 100vw, 2000px\" \/><\/div><\/div><\/div><\/div><\/div><div class=\"vc_col-sm-8 wpb_column vc_column_container content\"><div class=\"vc_column-inner\"><div class=\"wpb_wrapper\"><div class=\"wpb_text_column us_custom_91b05010 has_text_color\"><div class=\"wpb_wrapper\"><p>Home Organizer<\/p>\n<\/div><\/div><div class=\"wpb_text_column us_custom_73e11070 has_text_color\"><div class=\"wpb_wrapper\"><p>Home Organizer Dienst erleichtert Ihren Alltag und entspricht Ihren spezifischen Bed\u00fcrfnissen, sodass Sie Zeit, Raum und Energie gewinnen, um alles zu Hause mit Freude, Liebe und einem leichteren Leben zu tun! Ein organisiertes Zuhause bietet zahlreiche Vorteile, darunter eine einfachere Durchf\u00fchrung der t\u00e4glichen Aktivit\u00e4ten, ein Gef\u00fchl der Sauberkeit in der Umgebung, eine verbesserte Wahrnehmung des Wohlbefindens und vor allem eine Zeitersparnis, die Sie f\u00fcr andere Dinge in Ihrem Leben verwenden k\u00f6nnen!<\/p>\n<\/div><\/div><\/div><\/div><\/div><\/div><\/div><\/section><!-- Row Backgrounds --><div class=\"upb_color\" data-bg-override=\"full\" data-bg-color=\"\" data-fadeout=\"\" data-fadeout-percentage=\"30\" data-parallax-content=\"\" data-parallax-content-sense=\"30\" data-row-effect-mobile-disable=\"true\" data-img-parallax-mobile-disable=\"true\" data-rtl=\"false\"  data-custom-vc-row=\"\"  data-vc=\"6.13.0\"  data-is_old_vc=\"\"  data-theme-support=\"\"   data-overlay=\"false\" data-overlay-color=\"\" data-overlay-pattern=\"\" data-overlay-pattern-opacity=\"\" data-overlay-pattern-size=\"\"    ><\/div><section class=\"l-section wpb_row us_custom_dd5bfc1a height_medium width_full\"><div class=\"l-section-h i-cf\"><div class=\"g-cols vc_row via_flex valign_top type_default stacking_default\"><div class=\"vc_col-sm-4 wpb_column vc_column_container\"><div class=\"vc_column-inner\"><div class=\"wpb_wrapper\"><div class=\"w-image align_none\"><div class=\"w-image-h\"><img width=\"2000\" height=\"1333\" src=\"https:\/\/ericeiraproperty.com\/demo\/wp-content\/uploads\/2023\/07\/homestyling-staging.png\" class=\"attachment-full size-full\" alt=\"\" decoding=\"async\" loading=\"lazy\" srcset=\"https:\/\/ericeiraproperty.com\/demo\/wp-content\/uploads\/2023\/07\/homestyling-staging.png 2000w, https:\/\/ericeiraproperty.com\/demo\/wp-content\/uploads\/2023\/07\/homestyling-staging-300x200.png 300w, https:\/\/ericeiraproperty.com\/demo\/wp-content\/uploads\/2023\/07\/homestyling-staging-1024x682.png 1024w, https:\/\/ericeiraproperty.com\/demo\/wp-content\/uploads\/2023\/07\/homestyling-staging-600x400.png 600w\" sizes=\"(max-width: 2000px) 100vw, 2000px\" \/><\/div><\/div><\/div><\/div><\/div><div class=\"vc_col-sm-8 wpb_column vc_column_container content\"><div class=\"vc_column-inner\"><div class=\"wpb_wrapper\"><div class=\"wpb_text_column us_custom_91b05010 has_text_color\"><div class=\"wpb_wrapper\"><p>Home Staging<\/p>\n<\/div><\/div><div class=\"wpb_text_column us_custom_73e11070 has_text_color\"><div class=\"wpb_wrapper\"><p>Haben Sie Interesse daran, ein Haus zu vermieten oder zu verkaufen? Ihr Haus kann durch kleine \u00c4nderungen erheblich aufgewertet und attraktiver gestaltet werden, was dazu f\u00fchrt, dass es schneller verkauft oder vermietet wird. Das Ziel besteht darin, das Haus durch eine schnelle, praktische und kosteng\u00fcnstige Dekoration attraktiver zu gestalten. Dar\u00fcber hinaus steigert dies den Wert der Immobilie und erleichtert die Prozesse beim Verkauf oder Vermieten.<\/p>\n<\/div><\/div><\/div><\/div><\/div><\/div><\/div><\/section><!-- Row Backgrounds --><div class=\"upb_color\" data-bg-override=\"full\" data-bg-color=\"\" data-fadeout=\"\" data-fadeout-percentage=\"30\" data-parallax-content=\"\" data-parallax-content-sense=\"30\" data-row-effect-mobile-disable=\"true\" data-img-parallax-mobile-disable=\"true\" data-rtl=\"false\"  data-custom-vc-row=\"\"  data-vc=\"6.13.0\"  data-is_old_vc=\"\"  data-theme-support=\"\"   data-overlay=\"false\" data-overlay-color=\"\" data-overlay-pattern=\"\" data-overlay-pattern-opacity=\"\" data-overlay-pattern-size=\"\"    ><\/div><section class=\"l-section wpb_row us_custom_a84c946d height_medium width_full\"><div class=\"l-section-h i-cf\"><div class=\"g-cols vc_row via_flex valign_top type_default stacking_default\"><div class=\"vc_col-sm-4 wpb_column vc_column_container\"><div class=\"vc_column-inner\"><div class=\"wpb_wrapper\"><div class=\"w-image align_none\"><div class=\"w-image-h\"><img width=\"2000\" height=\"1333\" src=\"https:\/\/ericeiraproperty.com\/demo\/wp-content\/uploads\/2023\/07\/homestyling-decor.png\" class=\"attachment-full size-full\" alt=\"\" decoding=\"async\" loading=\"lazy\" srcset=\"https:\/\/ericeiraproperty.com\/demo\/wp-content\/uploads\/2023\/07\/homestyling-decor.png 2000w, https:\/\/ericeiraproperty.com\/demo\/wp-content\/uploads\/2023\/07\/homestyling-decor-300x200.png 300w, https:\/\/ericeiraproperty.com\/demo\/wp-content\/uploads\/2023\/07\/homestyling-decor-1024x682.png 1024w, https:\/\/ericeiraproperty.com\/demo\/wp-content\/uploads\/2023\/07\/homestyling-decor-600x400.png 600w\" sizes=\"(max-width: 2000px) 100vw, 2000px\" \/><\/div><\/div><\/div><\/div><\/div><div class=\"vc_col-sm-8 wpb_column vc_column_container content\"><div class=\"vc_column-inner\"><div class=\"wpb_wrapper\"><div class=\"wpb_text_column us_custom_91b05010 has_text_color\"><div class=\"wpb_wrapper\"><p>Dekoration<\/p>\n<\/div><\/div><div class=\"wpb_text_column us_custom_73e11070 has_text_color\"><div class=\"wpb_wrapper\"><p>Wir suchen bei der Dekoration nach den besten L\u00f6sungen, Angeboten und Trends auf dem Markt. Mit unserem Know-how und Erfahrung bieten wir Ihnen innovative und passende Konzepte f\u00fcr Ihren Raum, ohne dabei die praktische, funktionale und \u00e4sthetische Aspekte zu vernachl\u00e4ssigen. Daher sparen Sie Geld denn wir werden Ihre Aufgabe ausgleichen. Auf diese Weise k\u00f6nnen Sie ihre Wohnung, von dem Sie immer getr\u00e4umt haben, mit kontrollierten Kosten und garantierten Fristen erhalten.<\/p>\n<\/div><\/div><\/div><\/div><\/div><\/div><\/div><\/section><!-- Row Backgrounds --><div class=\"upb_color\" data-bg-override=\"full\" data-bg-color=\"\" data-fadeout=\"\" data-fadeout-percentage=\"30\" data-parallax-content=\"\" data-parallax-content-sense=\"30\" data-row-effect-mobile-disable=\"true\" data-img-parallax-mobile-disable=\"true\" data-rtl=\"false\"  data-custom-vc-row=\"\"  data-vc=\"6.13.0\"  data-is_old_vc=\"\"  data-theme-support=\"\"   data-overlay=\"false\" data-overlay-color=\"\" data-overlay-pattern=\"\" data-overlay-pattern-opacity=\"\" data-overlay-pattern-size=\"\"    ><\/div><section class=\"l-section wpb_row us_custom_7d08b313 height_medium width_full\"><div class=\"l-section-h i-cf\"><div class=\"g-cols vc_row via_flex valign_top type_default stacking_default\"><div class=\"vc_col-sm-12 wpb_column vc_column_container\"><div class=\"vc_column-inner\"><div class=\"wpb_wrapper\"><div class=\"wpb_text_column us_custom_76824fa8 has_text_color\"><div class=\"wpb_wrapper\"><p>Home Styling-Dienstleistungen <\/p>\n<\/div><\/div><div class=\"g-cols wpb_row via_flex valign_top type_default stacking_default\"><div class=\"vc_col-sm-6 wpb_column vc_column_container\"><div class=\"vc_column-inner\"><div class=\"wpb_wrapper\"><div class=\"wpb_text_column us_custom_8e5c9f9d list-item\"><div class=\"wpb_wrapper\"><p>Service f\u00fcr kleine Organisationen<\/p>\n<\/div><\/div><div class=\"wpb_text_column us_custom_8e5c9f9d list-item\"><div class=\"wpb_wrapper\"><p>allgemeine Reinigung<\/p>\n<\/div><\/div><div class=\"wpb_text_column us_custom_8e5c9f9d list-item\"><div class=\"wpb_wrapper\"><p>Planung und Durchf\u00fchrung von 2D und 3D-Projekten<\/p>\n<\/div><\/div><div class=\"wpb_text_column us_custom_8e5c9f9d list-item\"><div class=\"wpb_wrapper\"><p>Abgrundieren; Verpackung (W\u00e4hlen Sie zwischen Spenden, Verkaufen oder Lagern)<\/p>\n<\/div><\/div><\/div><\/div><\/div><div class=\"vc_col-sm-6 wpb_column vc_column_container\"><div class=\"vc_column-inner\"><div class=\"wpb_wrapper\"><div class=\"wpb_text_column us_custom_8e5c9f9d list-item\"><div class=\"wpb_wrapper\"><p>Kauf von Einrichtungsgegenst\u00e4nden und M\u00f6beln<\/p>\n<\/div><\/div><div class=\"wpb_text_column us_custom_8e5c9f9d list-item\"><div class=\"wpb_wrapper\"><p>Annahme und Verpackung von M\u00f6beln und deren Montage<\/p>\n<\/div><\/div><div class=\"wpb_text_column us_custom_8e5c9f9d list-item\"><div class=\"wpb_wrapper\"><p>Planung, Dekoration und Feng Shui<\/p>\n<\/div><\/div><div class=\"wpb_text_column us_custom_8e5c9f9d list-item\"><div class=\"wpb_wrapper\"><p>Produktion von Bildern und 3D-Filmen<\/p>\n<\/div><\/div><\/div><\/div><\/div><\/div><\/div><\/div><\/div><\/div><\/div><\/section><!-- Row Backgrounds --><div class=\"upb_color\" data-bg-override=\"full\" data-bg-color=\"\" data-fadeout=\"\" data-fadeout-percentage=\"30\" data-parallax-content=\"\" data-parallax-content-sense=\"30\" data-row-effect-mobile-disable=\"true\" data-img-parallax-mobile-disable=\"true\" data-rtl=\"false\"  data-custom-vc-row=\"\"  data-vc=\"6.13.0\"  data-is_old_vc=\"\"  data-theme-support=\"\"   data-overlay=\"false\" data-overlay-color=\"\" data-overlay-pattern=\"\" data-overlay-pattern-opacity=\"\" data-overlay-pattern-size=\"\"    ><\/div><section class=\"l-section wpb_row us_custom_ebf02ef8 height_medium width_full\"><div class=\"l-section-h i-cf\"><div class=\"g-cols vc_row via_flex valign_middle type_default stacking_default\"><div class=\"vc_col-sm-10 wpb_column vc_column_container\"><div class=\"vc_column-inner\"><div class=\"wpb_wrapper\"><div class=\"wpb_text_column us_custom_4148829a has_text_color\"><div class=\"wpb_wrapper\"><p>Haben Sie Fragen? Bitte kontaktieren Sie uns, um Ihre Fragen zu kl\u00e4ren.<\/p>\n<\/div><\/div><\/div><\/div><\/div><div class=\"vc_col-sm-2 wpb_column vc_column_container\"><div class=\"vc_column-inner\"><div class=\"wpb_wrapper\"><div class=\"w-btn-wrapper align_right\"><a class=\"w-btn us-btn-style_7\" title=\"Contactos\" href=\"https:\/\/ericeiraproperty.com\/demo\/de\/kontakte\/\"><span class=\"w-btn-label\">Kontaktieren Sie uns<\/span><\/a><\/div><\/div><\/div><\/div><\/div><\/div><\/section><!-- Row Backgrounds --><div class=\"upb_color\" data-bg-override=\"full\" data-bg-color=\"#cbb062\" data-fadeout=\"\" data-fadeout-percentage=\"30\" data-parallax-content=\"\" data-parallax-content-sense=\"30\" data-row-effect-mobile-disable=\"true\" data-img-parallax-mobile-disable=\"true\" data-rtl=\"false\"  data-custom-vc-row=\"\"  data-vc=\"6.13.0\"  data-is_old_vc=\"\"  data-theme-support=\"\"   data-overlay=\"false\" data-overlay-color=\"\" data-overlay-pattern=\"\" data-overlay-pattern-opacity=\"\" data-overlay-pattern-size=\"\"    ><\/div>\n","protected":false},"excerpt":{"rendered":"Home Styling Wir stellen die besten Optionen und Angebote f\u00fcr die Dekoration und Organisation ihrer Wohnung vor. Wir erstellen mit innovativen Ideen die besten L\u00f6sungen und Trends der Dekoration f\u00fcr Ihre Wohnung, ohne dabei die praktische, \u00e4sthetische oder harmonische Seite der Ausgewogenheit Ihres Hauses zu beeintr\u00e4chtigen. Sei es f\u00fcr eine lokale Unterkunft, eine vor\u00fcbergehende Vermietung,...","protected":false},"author":2,"featured_media":0,"parent":0,"menu_order":0,"comment_status":"closed","ping_status":"closed","template":"","meta":[],"yoast_head":"<!-- This site is optimized with the Yoast SEO plugin v16.0.2 - https:\/\/yoast.com\/wordpress\/plugins\/seo\/ -->\n<title>Home Styling - Demo - Ericeira Property<\/title>\n<link rel=\"canonical\" href=\"https:\/\/ericeiraproperty.com\/demo\/de\/home-styling-2\/\" \/>\n<meta property=\"og:locale\" content=\"pt_PT\" \/>\n<meta property=\"og:type\" content=\"article\" \/>\n<meta property=\"og:title\" content=\"Home Styling - Demo - Ericeira Property\" \/>\n<meta property=\"og:url\" content=\"https:\/\/ericeiraproperty.com\/demo\/de\/home-styling-2\/\" \/>\n<meta property=\"og:site_name\" content=\"Demo - Ericeira Property\" \/>\n<meta property=\"article:modified_time\" content=\"2023-11-17T21:36:05+00:00\" \/>\n<meta name=\"twitter:card\" content=\"summary_large_image\" \/>\n<meta name=\"twitter:label1\" content=\"Tempo estimado de leitura\">\n\t<meta name=\"twitter:data1\" content=\"3 minutes\">\n<script type=\"application\/ld+json\" class=\"yoast-schema-graph\">{\"@context\":\"https:\/\/schema.org\",\"@graph\":[{\"@type\":\"WebSite\",\"@id\":\"https:\/\/ericeiraproperty.com\/demo\/#website\",\"url\":\"https:\/\/ericeiraproperty.com\/demo\/\",\"name\":\"Demo - Ericeira Property\",\"description\":\"Ericeira Property\",\"potentialAction\":[{\"@type\":\"SearchAction\",\"target\":\"https:\/\/ericeiraproperty.com\/demo\/?s={search_term_string}\",\"query-input\":\"required name=search_term_string\"}],\"inLanguage\":\"pt-PT\"},{\"@type\":\"WebPage\",\"@id\":\"https:\/\/ericeiraproperty.com\/demo\/de\/home-styling-2\/#webpage\",\"url\":\"https:\/\/ericeiraproperty.com\/demo\/de\/home-styling-2\/\",\"name\":\"Home Styling - Demo - Ericeira Property\",\"isPartOf\":{\"@id\":\"https:\/\/ericeiraproperty.com\/demo\/#website\"},\"datePublished\":\"2023-11-17T12:06:55+00:00\",\"dateModified\":\"2023-11-17T21:36:05+00:00\",\"breadcrumb\":{\"@id\":\"https:\/\/ericeiraproperty.com\/demo\/de\/home-styling-2\/#breadcrumb\"},\"inLanguage\":\"pt-PT\",\"potentialAction\":[{\"@type\":\"ReadAction\",\"target\":[\"https:\/\/ericeiraproperty.com\/demo\/de\/home-styling-2\/\"]}]},{\"@type\":\"BreadcrumbList\",\"@id\":\"https:\/\/ericeiraproperty.com\/demo\/de\/home-styling-2\/#breadcrumb\",\"itemListElement\":[{\"@type\":\"ListItem\",\"position\":1,\"item\":{\"@type\":\"WebPage\",\"@id\":\"https:\/\/ericeiraproperty.com\/demo\/de\/homepage\/\",\"url\":\"https:\/\/ericeiraproperty.com\/demo\/de\/homepage\/\",\"name\":\"In\\u00edcio\"}},{\"@type\":\"ListItem\",\"position\":2,\"item\":{\"@type\":\"WebPage\",\"@id\":\"https:\/\/ericeiraproperty.com\/demo\/de\/home-styling-2\/\",\"url\":\"https:\/\/ericeiraproperty.com\/demo\/de\/home-styling-2\/\",\"name\":\"Home Styling\"}}]}]}<\/script>\n<!-- \/ Yoast SEO plugin. -->","_links":{"self":[{"href":"https:\/\/ericeiraproperty.com\/demo\/wp-json\/wp\/v2\/pages\/9064"}],"collection":[{"href":"https:\/\/ericeiraproperty.com\/demo\/wp-json\/wp\/v2\/pages"}],"about":[{"href":"https:\/\/ericeiraproperty.com\/demo\/wp-json\/wp\/v2\/types\/page"}],"author":[{"embeddable":true,"href":"https:\/\/ericeiraproperty.com\/demo\/wp-json\/wp\/v2\/users\/2"}],"replies":[{"embeddable":true,"href":"https:\/\/ericeiraproperty.com\/demo\/wp-json\/wp\/v2\/comments?post=9064"}],"version-history":[{"count":7,"href":"https:\/\/ericeiraproperty.com\/demo\/wp-json\/wp\/v2\/pages\/9064\/revisions"}],"predecessor-version":[{"id":9207,"href":"https:\/\/ericeiraproperty.com\/demo\/wp-json\/wp\/v2\/pages\/9064\/revisions\/9207"}],"wp:attachment":[{"href":"https:\/\/ericeiraproperty.com\/demo\/wp-json\/wp\/v2\/media?parent=9064"}],"curies":[{"name":"wp","href":"https:\/\/api.w.org\/{rel}","templated":true}]}}